{"id":3731,"date":"2023-07-04T10:42:39","date_gmt":"2023-07-04T08:42:39","guid":{"rendered":"https:\/\/lamardeflors.com\/producto\/ramo-seco\/"},"modified":"2024-01-24T22:01:17","modified_gmt":"2024-01-24T20:01:17","slug":"strauss-aus-trockenblumen","status":"publish","type":"product","link":"https:\/\/lamardeflors.com\/de\/Produkt\/strauss-aus-trockenblumen\/","title":{"rendered":"Strau\u00df aus Trockenblumen"},"content":{"rendered":"<p>Beeindrucken Sie mit einem sch\u00f6nen Strau\u00df aus getrockneten Blumen. Dieses bezaubernde Geschenk kombiniert die Zartheit und Best\u00e4ndigkeit von Trockenblumen und schafft ein zeitloses<br \/>\nund charmantes Arrangement. Jedes Bl\u00fctenblatt und jedes Blatt beh\u00e4lt seine urspr\u00fcngliche Form und Farbe und bietet eine einzigartige und seine einzigartige und elegante \u00c4sthetik.<br \/>\nDieser Strau\u00df aus getrockneten Blumen eignet sich hervorragend f\u00fcr die Dekoration eines Raums und verleiht ihm einen Hauch on Vintage-Charme und Raffinesse.<br \/>\nVerschenken Sie diesen Trockenblumenstrau\u00dfes und teilen Sie die dauerhafte Sch\u00f6nheit mit einem besonderen Menschen.<\/p>\n","protected":false},"excerpt":{"rendered":"<p>Beeindrucken Sie mit einem sch\u00f6nen Strau\u00df aus getrockneten Blumen. Dieses bezaubernde Geschenk kombiniert die Zartheit und Best\u00e4ndigkeit von Trockenblumen und schafft ein zeitloses und charmantes Arrangement. Jedes Bl\u00fctenblatt und jedes Blatt beh\u00e4lt seine urspr\u00fcngliche Form und Farbe und bietet eine einzigartige und seine einzigartige und elegante \u00c4sthetik. Dieser Strau\u00df aus getrockneten Blumen eignet sich hervorragend [&hellip;]<\/p>\n","protected":false},"featured_media":4551,"template":"","meta":[],"product_brand":[],"product_cat":[109],"product_tag":[],"class_list":{"0":"post-3731","1":"product","2":"type-product","3":"status-publish","4":"has-post-thumbnail","6":"product_cat-trockenblumen","8":"first","9":"instock","10":"featured","11":"shipping-taxable","12":"purchasable","13":"product-type-variable"},"yoast_head":"<!-- This site is optimized with the Yoast SEO plugin v27.2 - https:\/\/yoast.com\/product\/yoast-seo-wordpress\/ -->\n<title>Strau\u00df aus Trockenblumen - La Mar de Flors<\/title>\n<meta name=\"robots\" content=\"index, follow, max-snippet:-1, max-image-preview:large, max-video-preview:-1\" \/>\n<link rel=\"canonical\" href=\"https:\/\/lamardeflors.com\/de\/Produkt\/strauss-aus-trockenblumen\/\" \/>\n<meta property=\"og:locale\" content=\"de_DE\" \/>\n<meta property=\"og:type\" content=\"article\" \/>\n<meta property=\"og:title\" content=\"Strau\u00df aus Trockenblumen - La Mar de Flors\" \/>\n<meta property=\"og:description\" content=\"Beeindrucken Sie mit einem sch\u00f6nen Strau\u00df aus getrockneten Blumen. Dieses bezaubernde Geschenk kombiniert die Zartheit und Best\u00e4ndigkeit von Trockenblumen und schafft ein zeitloses und charmantes Arrangement. Jedes Bl\u00fctenblatt und jedes Blatt beh\u00e4lt seine urspr\u00fcngliche Form und Farbe und bietet eine einzigartige und seine einzigartige und elegante \u00c4sthetik. Dieser Strau\u00df aus getrockneten Blumen eignet sich hervorragend [&hellip;]\" \/>\n<meta property=\"og:url\" content=\"https:\/\/lamardeflors.com\/de\/Produkt\/strauss-aus-trockenblumen\/\" \/>\n<meta property=\"og:site_name\" content=\"La Mar de Flors\" \/>\n<meta property=\"article:modified_time\" content=\"2024-01-24T20:01:17+00:00\" \/>\n<meta property=\"og:image\" content=\"https:\/\/lamardeflors.com\/wp-content\/uploads\/2023\/07\/ramo-seco-3.jpg\" \/>\n\t<meta property=\"og:image:width\" content=\"640\" \/>\n\t<meta property=\"og:image:height\" content=\"960\" \/>\n\t<meta property=\"og:image:type\" content=\"image\/jpeg\" \/>\n<meta name=\"twitter:card\" content=\"summary_large_image\" \/>\n<meta name=\"twitter:label1\" content=\"Gesch\u00e4tzte Lesezeit\" \/>\n\t<meta name=\"twitter:data1\" content=\"1\u00a0Minute\" \/>\n<script type=\"application\/ld+json\" class=\"yoast-schema-graph\">{\"@context\":\"https:\/\/schema.org\",\"@graph\":[{\"@type\":\"WebPage\",\"@id\":\"https:\/\/lamardeflors.com\/de\/Produkt\/strauss-aus-trockenblumen\/\",\"url\":\"https:\/\/lamardeflors.com\/de\/Produkt\/strauss-aus-trockenblumen\/\",\"name\":\"Strau\u00df aus Trockenblumen - La Mar de Flors\",\"isPartOf\":{\"@id\":\"https:\/\/lamardeflors.com\/#website\"},\"primaryImageOfPage\":{\"@id\":\"https:\/\/lamardeflors.com\/de\/Produkt\/strauss-aus-trockenblumen\/#primaryimage\"},\"image\":{\"@id\":\"https:\/\/lamardeflors.com\/de\/Produkt\/strauss-aus-trockenblumen\/#primaryimage\"},\"thumbnailUrl\":\"https:\/\/lamardeflors.com\/wp-content\/uploads\/2023\/07\/Ramosecojarron.png\",\"datePublished\":\"2023-07-04T08:42:39+00:00\",\"dateModified\":\"2024-01-24T20:01:17+00:00\",\"breadcrumb\":{\"@id\":\"https:\/\/lamardeflors.com\/de\/Produkt\/strauss-aus-trockenblumen\/#breadcrumb\"},\"inLanguage\":\"de\",\"potentialAction\":[{\"@type\":\"ReadAction\",\"target\":[\"https:\/\/lamardeflors.com\/de\/Produkt\/strauss-aus-trockenblumen\/\"]}]},{\"@type\":\"ImageObject\",\"inLanguage\":\"de\",\"@id\":\"https:\/\/lamardeflors.com\/de\/Produkt\/strauss-aus-trockenblumen\/#primaryimage\",\"url\":\"https:\/\/lamardeflors.com\/wp-content\/uploads\/2023\/07\/Ramosecojarron.png\",\"contentUrl\":\"https:\/\/lamardeflors.com\/wp-content\/uploads\/2023\/07\/Ramosecojarron.png\",\"width\":640,\"height\":960},{\"@type\":\"BreadcrumbList\",\"@id\":\"https:\/\/lamardeflors.com\/de\/Produkt\/strauss-aus-trockenblumen\/#breadcrumb\",\"itemListElement\":[{\"@type\":\"ListItem\",\"position\":1,\"name\":\"Portada\",\"item\":\"https:\/\/lamardeflors.com\/\"},{\"@type\":\"ListItem\",\"position\":2,\"name\":\"Shop\",\"item\":\"https:\/\/lamardeflors.com\/de\/online-store\/\"},{\"@type\":\"ListItem\",\"position\":3,\"name\":\"Strau\u00df aus Trockenblumen\"}]},{\"@type\":\"WebSite\",\"@id\":\"https:\/\/lamardeflors.com\/#website\",\"url\":\"https:\/\/lamardeflors.com\/\",\"name\":\"La Mar de Flors\",\"description\":\"Florister\u00eda en S\u00f3ller\",\"publisher\":{\"@id\":\"https:\/\/lamardeflors.com\/#organization\"},\"potentialAction\":[{\"@type\":\"SearchAction\",\"target\":{\"@type\":\"EntryPoint\",\"urlTemplate\":\"https:\/\/lamardeflors.com\/?s={search_term_string}\"},\"query-input\":{\"@type\":\"PropertyValueSpecification\",\"valueRequired\":true,\"valueName\":\"search_term_string\"}}],\"inLanguage\":\"de\"},{\"@type\":\"Organization\",\"@id\":\"https:\/\/lamardeflors.com\/#organization\",\"name\":\"La Mar de Flors\",\"url\":\"https:\/\/lamardeflors.com\/\",\"logo\":{\"@type\":\"ImageObject\",\"inLanguage\":\"de\",\"@id\":\"https:\/\/lamardeflors.com\/#\/schema\/logo\/image\/\",\"url\":\"https:\/\/lamardeflors.com\/wp-content\/uploads\/2023\/05\/logo-sin-fondo-blanco.png\",\"contentUrl\":\"https:\/\/lamardeflors.com\/wp-content\/uploads\/2023\/05\/logo-sin-fondo-blanco.png\",\"width\":1070,\"height\":741,\"caption\":\"La Mar de Flors\"},\"image\":{\"@id\":\"https:\/\/lamardeflors.com\/#\/schema\/logo\/image\/\"}}]}<\/script>\n<!-- \/ Yoast SEO plugin. -->","yoast_head_json":{"title":"Strau\u00df aus Trockenblumen - La Mar de Flors","robots":{"index":"index","follow":"follow","max-snippet":"max-snippet:-1","max-image-preview":"max-image-preview:large","max-video-preview":"max-video-preview:-1"},"canonical":"https:\/\/lamardeflors.com\/de\/Produkt\/strauss-aus-trockenblumen\/","og_locale":"de_DE","og_type":"article","og_title":"Strau\u00df aus Trockenblumen - La Mar de Flors","og_description":"Beeindrucken Sie mit einem sch\u00f6nen Strau\u00df aus getrockneten Blumen. Dieses bezaubernde Geschenk kombiniert die Zartheit und Best\u00e4ndigkeit von Trockenblumen und schafft ein zeitloses und charmantes Arrangement. Jedes Bl\u00fctenblatt und jedes Blatt beh\u00e4lt seine urspr\u00fcngliche Form und Farbe und bietet eine einzigartige und seine einzigartige und elegante \u00c4sthetik. Dieser Strau\u00df aus getrockneten Blumen eignet sich hervorragend [&hellip;]","og_url":"https:\/\/lamardeflors.com\/de\/Produkt\/strauss-aus-trockenblumen\/","og_site_name":"La Mar de Flors","article_modified_time":"2024-01-24T20:01:17+00:00","og_image":[{"width":640,"height":960,"url":"https:\/\/lamardeflors.com\/wp-content\/uploads\/2023\/07\/ramo-seco-3.jpg","type":"image\/jpeg"}],"twitter_card":"summary_large_image","twitter_misc":{"Gesch\u00e4tzte Lesezeit":"1\u00a0Minute"},"schema":{"@context":"https:\/\/schema.org","@graph":[{"@type":"WebPage","@id":"https:\/\/lamardeflors.com\/de\/Produkt\/strauss-aus-trockenblumen\/","url":"https:\/\/lamardeflors.com\/de\/Produkt\/strauss-aus-trockenblumen\/","name":"Strau\u00df aus Trockenblumen - La Mar de Flors","isPartOf":{"@id":"https:\/\/lamardeflors.com\/#website"},"primaryImageOfPage":{"@id":"https:\/\/lamardeflors.com\/de\/Produkt\/strauss-aus-trockenblumen\/#primaryimage"},"image":{"@id":"https:\/\/lamardeflors.com\/de\/Produkt\/strauss-aus-trockenblumen\/#primaryimage"},"thumbnailUrl":"https:\/\/lamardeflors.com\/wp-content\/uploads\/2023\/07\/Ramosecojarron.png","datePublished":"2023-07-04T08:42:39+00:00","dateModified":"2024-01-24T20:01:17+00:00","breadcrumb":{"@id":"https:\/\/lamardeflors.com\/de\/Produkt\/strauss-aus-trockenblumen\/#breadcrumb"},"inLanguage":"de","potentialAction":[{"@type":"ReadAction","target":["https:\/\/lamardeflors.com\/de\/Produkt\/strauss-aus-trockenblumen\/"]}]},{"@type":"ImageObject","inLanguage":"de","@id":"https:\/\/lamardeflors.com\/de\/Produkt\/strauss-aus-trockenblumen\/#primaryimage","url":"https:\/\/lamardeflors.com\/wp-content\/uploads\/2023\/07\/Ramosecojarron.png","contentUrl":"https:\/\/lamardeflors.com\/wp-content\/uploads\/2023\/07\/Ramosecojarron.png","width":640,"height":960},{"@type":"BreadcrumbList","@id":"https:\/\/lamardeflors.com\/de\/Produkt\/strauss-aus-trockenblumen\/#breadcrumb","itemListElement":[{"@type":"ListItem","position":1,"name":"Portada","item":"https:\/\/lamardeflors.com\/"},{"@type":"ListItem","position":2,"name":"Shop","item":"https:\/\/lamardeflors.com\/de\/online-store\/"},{"@type":"ListItem","position":3,"name":"Strau\u00df aus Trockenblumen"}]},{"@type":"WebSite","@id":"https:\/\/lamardeflors.com\/#website","url":"https:\/\/lamardeflors.com\/","name":"La Mar de Flors","description":"Florister\u00eda en S\u00f3ller","publisher":{"@id":"https:\/\/lamardeflors.com\/#organization"},"potentialAction":[{"@type":"SearchAction","target":{"@type":"EntryPoint","urlTemplate":"https:\/\/lamardeflors.com\/?s={search_term_string}"},"query-input":{"@type":"PropertyValueSpecification","valueRequired":true,"valueName":"search_term_string"}}],"inLanguage":"de"},{"@type":"Organization","@id":"https:\/\/lamardeflors.com\/#organization","name":"La Mar de Flors","url":"https:\/\/lamardeflors.com\/","logo":{"@type":"ImageObject","inLanguage":"de","@id":"https:\/\/lamardeflors.com\/#\/schema\/logo\/image\/","url":"https:\/\/lamardeflors.com\/wp-content\/uploads\/2023\/05\/logo-sin-fondo-blanco.png","contentUrl":"https:\/\/lamardeflors.com\/wp-content\/uploads\/2023\/05\/logo-sin-fondo-blanco.png","width":1070,"height":741,"caption":"La Mar de Flors"},"image":{"@id":"https:\/\/lamardeflors.com\/#\/schema\/logo\/image\/"}}]}},"_links":{"self":[{"href":"https:\/\/lamardeflors.com\/de\/wp-json\/wp\/v2\/product\/3731","targetHints":{"allow":["GET"]}}],"collection":[{"href":"https:\/\/lamardeflors.com\/de\/wp-json\/wp\/v2\/product"}],"about":[{"href":"https:\/\/lamardeflors.com\/de\/wp-json\/wp\/v2\/types\/product"}],"version-history":[{"count":0,"href":"https:\/\/lamardeflors.com\/de\/wp-json\/wp\/v2\/product\/3731\/revisions"}],"wp:featuredmedia":[{"embeddable":true,"href":"https:\/\/lamardeflors.com\/de\/wp-json\/wp\/v2\/media\/4551"}],"wp:attachment":[{"href":"https:\/\/lamardeflors.com\/de\/wp-json\/wp\/v2\/media?parent=3731"}],"wp:term":[{"taxonomy":"product_brand","embeddable":true,"href":"https:\/\/lamardeflors.com\/de\/wp-json\/wp\/v2\/product_brand?post=3731"},{"taxonomy":"product_cat","embeddable":true,"href":"https:\/\/lamardeflors.com\/de\/wp-json\/wp\/v2\/product_cat?post=3731"},{"taxonomy":"product_tag","embeddable":true,"href":"https:\/\/lamardeflors.com\/de\/wp-json\/wp\/v2\/product_tag?post=3731"}],"curies":[{"name":"wp","href":"https:\/\/api.w.org\/{rel}","templated":true}]}}