{"id":3703,"date":"2023-07-04T10:40:59","date_gmt":"2023-07-04T08:40:59","guid":{"rendered":"https:\/\/lamardeflors.com\/producto\/centro-de-plantas-verdes\/"},"modified":"2024-01-24T21:38:20","modified_gmt":"2024-01-24T19:38:20","slug":"zentrum-aus-gruenpflanzen","status":"publish","type":"product","link":"https:\/\/lamardeflors.com\/de\/Produkt\/zentrum-aus-gruenpflanzen\/","title":{"rendered":"Zentrum aus Gr\u00fcnpflanzen"},"content":{"rendered":"<p>Versch\u00f6nern Sie Ihren Raum mit der Frische und Vitalit\u00e4t eines Zentrums gr\u00fcner Pflanzen. Dieses nat\u00fcrliche und harmonische Arrangement vereint eine Vielzahl von Pflanzen und schafft eine gr\u00fcne Oase. Die Gr\u00fcnpflanzen mit ihren \u00fcppigen Bl\u00e4ttern und beruhigenden Farbt\u00f6nen bringen einen Hauch von Ruhe und Gelassenheit in die Umgebung. Zus\u00e4tzlich zu ihrem \u00e4sthetisch ansprechenden Aussehen reinigen diese Pflanzen die Luft und schaffen eine ges\u00fcndere Umgebung. Genie\u00dfen Sie die Sch\u00f6nheit und die Vorteile dieses Zentrums, das zu einem Mittelpunkt der<br \/>\nRuhe und Verbundenheit mit der Natur in Ihrem Raum wird.<\/p>\n","protected":false},"excerpt":{"rendered":"<p>Versch\u00f6nern Sie Ihren Raum mit der Frische und Vitalit\u00e4t eines Zentrums gr\u00fcner Pflanzen. Dieses nat\u00fcrliche und harmonische Arrangement vereint eine Vielzahl von Pflanzen und schafft eine gr\u00fcne Oase. Die Gr\u00fcnpflanzen mit ihren \u00fcppigen Bl\u00e4ttern und beruhigenden Farbt\u00f6nen bringen einen Hauch von Ruhe und Gelassenheit in die Umgebung. Zus\u00e4tzlich zu ihrem \u00e4sthetisch ansprechenden Aussehen reinigen diese [&hellip;]<\/p>\n","protected":false},"featured_media":3704,"template":"","meta":[],"product_brand":[],"product_cat":[108],"product_tag":[],"class_list":{"0":"post-3703","1":"product","2":"type-product","3":"status-publish","4":"has-post-thumbnail","6":"product_cat-pflanzen","8":"first","9":"instock","10":"shipping-taxable","11":"purchasable","12":"product-type-variable"},"yoast_head":"<!-- This site is optimized with the Yoast SEO plugin v27.2 - https:\/\/yoast.com\/product\/yoast-seo-wordpress\/ -->\n<title>Zentrum aus Gr\u00fcnpflanzen - La Mar de Flors<\/title>\n<meta name=\"robots\" content=\"index, follow, max-snippet:-1, max-image-preview:large, max-video-preview:-1\" \/>\n<link rel=\"canonical\" href=\"https:\/\/lamardeflors.com\/de\/Produkt\/zentrum-aus-gruenpflanzen\/\" \/>\n<meta property=\"og:locale\" content=\"de_DE\" \/>\n<meta property=\"og:type\" content=\"article\" \/>\n<meta property=\"og:title\" content=\"Zentrum aus Gr\u00fcnpflanzen - La Mar de Flors\" \/>\n<meta property=\"og:description\" content=\"Versch\u00f6nern Sie Ihren Raum mit der Frische und Vitalit\u00e4t eines Zentrums gr\u00fcner Pflanzen. Dieses nat\u00fcrliche und harmonische Arrangement vereint eine Vielzahl von Pflanzen und schafft eine gr\u00fcne Oase. Die Gr\u00fcnpflanzen mit ihren \u00fcppigen Bl\u00e4ttern und beruhigenden Farbt\u00f6nen bringen einen Hauch von Ruhe und Gelassenheit in die Umgebung. Zus\u00e4tzlich zu ihrem \u00e4sthetisch ansprechenden Aussehen reinigen diese [&hellip;]\" \/>\n<meta property=\"og:url\" content=\"https:\/\/lamardeflors.com\/de\/Produkt\/zentrum-aus-gruenpflanzen\/\" \/>\n<meta property=\"og:site_name\" content=\"La Mar de Flors\" \/>\n<meta property=\"article:modified_time\" content=\"2024-01-24T19:38:20+00:00\" \/>\n<meta property=\"og:image\" content=\"https:\/\/lamardeflors.com\/wp-content\/uploads\/2023\/07\/centroplantasverdes.png\" \/>\n\t<meta property=\"og:image:width\" content=\"640\" \/>\n\t<meta property=\"og:image:height\" content=\"960\" \/>\n\t<meta property=\"og:image:type\" content=\"image\/png\" \/>\n<meta name=\"twitter:card\" content=\"summary_large_image\" \/>\n<meta name=\"twitter:label1\" content=\"Gesch\u00e4tzte Lesezeit\" \/>\n\t<meta name=\"twitter:data1\" content=\"1\u00a0Minute\" \/>\n<script type=\"application\/ld+json\" class=\"yoast-schema-graph\">{\"@context\":\"https:\/\/schema.org\",\"@graph\":[{\"@type\":\"WebPage\",\"@id\":\"https:\/\/lamardeflors.com\/de\/Produkt\/zentrum-aus-gruenpflanzen\/\",\"url\":\"https:\/\/lamardeflors.com\/de\/Produkt\/zentrum-aus-gruenpflanzen\/\",\"name\":\"Zentrum aus Gr\u00fcnpflanzen - La Mar de Flors\",\"isPartOf\":{\"@id\":\"https:\/\/lamardeflors.com\/#website\"},\"primaryImageOfPage\":{\"@id\":\"https:\/\/lamardeflors.com\/de\/Produkt\/zentrum-aus-gruenpflanzen\/#primaryimage\"},\"image\":{\"@id\":\"https:\/\/lamardeflors.com\/de\/Produkt\/zentrum-aus-gruenpflanzen\/#primaryimage\"},\"thumbnailUrl\":\"https:\/\/lamardeflors.com\/wp-content\/uploads\/2023\/07\/centroplantasverdes.png\",\"datePublished\":\"2023-07-04T08:40:59+00:00\",\"dateModified\":\"2024-01-24T19:38:20+00:00\",\"breadcrumb\":{\"@id\":\"https:\/\/lamardeflors.com\/de\/Produkt\/zentrum-aus-gruenpflanzen\/#breadcrumb\"},\"inLanguage\":\"de\",\"potentialAction\":[{\"@type\":\"ReadAction\",\"target\":[\"https:\/\/lamardeflors.com\/de\/Produkt\/zentrum-aus-gruenpflanzen\/\"]}]},{\"@type\":\"ImageObject\",\"inLanguage\":\"de\",\"@id\":\"https:\/\/lamardeflors.com\/de\/Produkt\/zentrum-aus-gruenpflanzen\/#primaryimage\",\"url\":\"https:\/\/lamardeflors.com\/wp-content\/uploads\/2023\/07\/centroplantasverdes.png\",\"contentUrl\":\"https:\/\/lamardeflors.com\/wp-content\/uploads\/2023\/07\/centroplantasverdes.png\",\"width\":640,\"height\":960},{\"@type\":\"BreadcrumbList\",\"@id\":\"https:\/\/lamardeflors.com\/de\/Produkt\/zentrum-aus-gruenpflanzen\/#breadcrumb\",\"itemListElement\":[{\"@type\":\"ListItem\",\"position\":1,\"name\":\"Portada\",\"item\":\"https:\/\/lamardeflors.com\/\"},{\"@type\":\"ListItem\",\"position\":2,\"name\":\"Shop\",\"item\":\"https:\/\/lamardeflors.com\/de\/online-store\/\"},{\"@type\":\"ListItem\",\"position\":3,\"name\":\"Zentrum aus Gr\u00fcnpflanzen\"}]},{\"@type\":\"WebSite\",\"@id\":\"https:\/\/lamardeflors.com\/#website\",\"url\":\"https:\/\/lamardeflors.com\/\",\"name\":\"La Mar de Flors\",\"description\":\"Florister\u00eda en S\u00f3ller\",\"publisher\":{\"@id\":\"https:\/\/lamardeflors.com\/#organization\"},\"potentialAction\":[{\"@type\":\"SearchAction\",\"target\":{\"@type\":\"EntryPoint\",\"urlTemplate\":\"https:\/\/lamardeflors.com\/?s={search_term_string}\"},\"query-input\":{\"@type\":\"PropertyValueSpecification\",\"valueRequired\":true,\"valueName\":\"search_term_string\"}}],\"inLanguage\":\"de\"},{\"@type\":\"Organization\",\"@id\":\"https:\/\/lamardeflors.com\/#organization\",\"name\":\"La Mar de Flors\",\"url\":\"https:\/\/lamardeflors.com\/\",\"logo\":{\"@type\":\"ImageObject\",\"inLanguage\":\"de\",\"@id\":\"https:\/\/lamardeflors.com\/#\/schema\/logo\/image\/\",\"url\":\"https:\/\/lamardeflors.com\/wp-content\/uploads\/2023\/05\/logo-sin-fondo-blanco.png\",\"contentUrl\":\"https:\/\/lamardeflors.com\/wp-content\/uploads\/2023\/05\/logo-sin-fondo-blanco.png\",\"width\":1070,\"height\":741,\"caption\":\"La Mar de Flors\"},\"image\":{\"@id\":\"https:\/\/lamardeflors.com\/#\/schema\/logo\/image\/\"}}]}<\/script>\n<!-- \/ Yoast SEO plugin. -->","yoast_head_json":{"title":"Zentrum aus Gr\u00fcnpflanzen - La Mar de Flors","robots":{"index":"index","follow":"follow","max-snippet":"max-snippet:-1","max-image-preview":"max-image-preview:large","max-video-preview":"max-video-preview:-1"},"canonical":"https:\/\/lamardeflors.com\/de\/Produkt\/zentrum-aus-gruenpflanzen\/","og_locale":"de_DE","og_type":"article","og_title":"Zentrum aus Gr\u00fcnpflanzen - La Mar de Flors","og_description":"Versch\u00f6nern Sie Ihren Raum mit der Frische und Vitalit\u00e4t eines Zentrums gr\u00fcner Pflanzen. Dieses nat\u00fcrliche und harmonische Arrangement vereint eine Vielzahl von Pflanzen und schafft eine gr\u00fcne Oase. Die Gr\u00fcnpflanzen mit ihren \u00fcppigen Bl\u00e4ttern und beruhigenden Farbt\u00f6nen bringen einen Hauch von Ruhe und Gelassenheit in die Umgebung. Zus\u00e4tzlich zu ihrem \u00e4sthetisch ansprechenden Aussehen reinigen diese [&hellip;]","og_url":"https:\/\/lamardeflors.com\/de\/Produkt\/zentrum-aus-gruenpflanzen\/","og_site_name":"La Mar de Flors","article_modified_time":"2024-01-24T19:38:20+00:00","og_image":[{"width":640,"height":960,"url":"https:\/\/lamardeflors.com\/wp-content\/uploads\/2023\/07\/centroplantasverdes.png","type":"image\/png"}],"twitter_card":"summary_large_image","twitter_misc":{"Gesch\u00e4tzte Lesezeit":"1\u00a0Minute"},"schema":{"@context":"https:\/\/schema.org","@graph":[{"@type":"WebPage","@id":"https:\/\/lamardeflors.com\/de\/Produkt\/zentrum-aus-gruenpflanzen\/","url":"https:\/\/lamardeflors.com\/de\/Produkt\/zentrum-aus-gruenpflanzen\/","name":"Zentrum aus Gr\u00fcnpflanzen - La Mar de Flors","isPartOf":{"@id":"https:\/\/lamardeflors.com\/#website"},"primaryImageOfPage":{"@id":"https:\/\/lamardeflors.com\/de\/Produkt\/zentrum-aus-gruenpflanzen\/#primaryimage"},"image":{"@id":"https:\/\/lamardeflors.com\/de\/Produkt\/zentrum-aus-gruenpflanzen\/#primaryimage"},"thumbnailUrl":"https:\/\/lamardeflors.com\/wp-content\/uploads\/2023\/07\/centroplantasverdes.png","datePublished":"2023-07-04T08:40:59+00:00","dateModified":"2024-01-24T19:38:20+00:00","breadcrumb":{"@id":"https:\/\/lamardeflors.com\/de\/Produkt\/zentrum-aus-gruenpflanzen\/#breadcrumb"},"inLanguage":"de","potentialAction":[{"@type":"ReadAction","target":["https:\/\/lamardeflors.com\/de\/Produkt\/zentrum-aus-gruenpflanzen\/"]}]},{"@type":"ImageObject","inLanguage":"de","@id":"https:\/\/lamardeflors.com\/de\/Produkt\/zentrum-aus-gruenpflanzen\/#primaryimage","url":"https:\/\/lamardeflors.com\/wp-content\/uploads\/2023\/07\/centroplantasverdes.png","contentUrl":"https:\/\/lamardeflors.com\/wp-content\/uploads\/2023\/07\/centroplantasverdes.png","width":640,"height":960},{"@type":"BreadcrumbList","@id":"https:\/\/lamardeflors.com\/de\/Produkt\/zentrum-aus-gruenpflanzen\/#breadcrumb","itemListElement":[{"@type":"ListItem","position":1,"name":"Portada","item":"https:\/\/lamardeflors.com\/"},{"@type":"ListItem","position":2,"name":"Shop","item":"https:\/\/lamardeflors.com\/de\/online-store\/"},{"@type":"ListItem","position":3,"name":"Zentrum aus Gr\u00fcnpflanzen"}]},{"@type":"WebSite","@id":"https:\/\/lamardeflors.com\/#website","url":"https:\/\/lamardeflors.com\/","name":"La Mar de Flors","description":"Florister\u00eda en S\u00f3ller","publisher":{"@id":"https:\/\/lamardeflors.com\/#organization"},"potentialAction":[{"@type":"SearchAction","target":{"@type":"EntryPoint","urlTemplate":"https:\/\/lamardeflors.com\/?s={search_term_string}"},"query-input":{"@type":"PropertyValueSpecification","valueRequired":true,"valueName":"search_term_string"}}],"inLanguage":"de"},{"@type":"Organization","@id":"https:\/\/lamardeflors.com\/#organization","name":"La Mar de Flors","url":"https:\/\/lamardeflors.com\/","logo":{"@type":"ImageObject","inLanguage":"de","@id":"https:\/\/lamardeflors.com\/#\/schema\/logo\/image\/","url":"https:\/\/lamardeflors.com\/wp-content\/uploads\/2023\/05\/logo-sin-fondo-blanco.png","contentUrl":"https:\/\/lamardeflors.com\/wp-content\/uploads\/2023\/05\/logo-sin-fondo-blanco.png","width":1070,"height":741,"caption":"La Mar de Flors"},"image":{"@id":"https:\/\/lamardeflors.com\/#\/schema\/logo\/image\/"}}]}},"_links":{"self":[{"href":"https:\/\/lamardeflors.com\/de\/wp-json\/wp\/v2\/product\/3703","targetHints":{"allow":["GET"]}}],"collection":[{"href":"https:\/\/lamardeflors.com\/de\/wp-json\/wp\/v2\/product"}],"about":[{"href":"https:\/\/lamardeflors.com\/de\/wp-json\/wp\/v2\/types\/product"}],"version-history":[{"count":0,"href":"https:\/\/lamardeflors.com\/de\/wp-json\/wp\/v2\/product\/3703\/revisions"}],"wp:featuredmedia":[{"embeddable":true,"href":"https:\/\/lamardeflors.com\/de\/wp-json\/wp\/v2\/media\/3704"}],"wp:attachment":[{"href":"https:\/\/lamardeflors.com\/de\/wp-json\/wp\/v2\/media?parent=3703"}],"wp:term":[{"taxonomy":"product_brand","embeddable":true,"href":"https:\/\/lamardeflors.com\/de\/wp-json\/wp\/v2\/product_brand?post=3703"},{"taxonomy":"product_cat","embeddable":true,"href":"https:\/\/lamardeflors.com\/de\/wp-json\/wp\/v2\/product_cat?post=3703"},{"taxonomy":"product_tag","embeddable":true,"href":"https:\/\/lamardeflors.com\/de\/wp-json\/wp\/v2\/product_tag?post=3703"}],"curies":[{"name":"wp","href":"https:\/\/api.w.org\/{rel}","templated":true}]}}