{"id":3697,"date":"2023-07-04T10:24:30","date_gmt":"2023-07-04T08:24:30","guid":{"rendered":"https:\/\/lamardeflors.com\/producto\/centro-de-orquideas\/"},"modified":"2024-01-24T17:45:30","modified_gmt":"2024-01-24T15:45:30","slug":"orchideen-zentrum","status":"publish","type":"product","link":"https:\/\/lamardeflors.com\/de\/Produkt\/orchideen-zentrum\/","title":{"rendered":"Orchideen-Zentrum"},"content":{"rendered":"<p>\u00dcberraschen und verzaubern Sie Ihre Liebsten mit einem beeindruckenden Geschenk: ein pr\u00e4chtiges Orchideen-Zentrum. Dieses Blumenarrangement strahlt Eleganz und zeitlose Sch\u00f6nheit aus, und ist damit das perfekte Geschenk f\u00fcr besondere Anl\u00e4sse. Die exotischen, zarten und sorgf\u00e4ltig ausgew\u00e4hlten Orchideen sind in einem harmonischen Zentrum vereint, der Ehrfurcht und Bewunderung hervorruft. Dieses Geschenk wird nicht nur Freude bereiten, sondern vermittelt auch eine Botschaft der Wertsch\u00e4tzung und F\u00fcrsorge f\u00fcr den Empf\u00e4nger. Erfreuen Sie Ihre Lieben mit einem Orchideenschmuck, der Sie in eine Aura der Eleganz einh\u00fcllt. Willkommen in der Welt der unvergesslichen Geschenke.<\/p>\n","protected":false},"excerpt":{"rendered":"<p>\u00dcberraschen und verzaubern Sie Ihre Liebsten mit einem beeindruckenden Geschenk: ein pr\u00e4chtiges Orchideen-Zentrum. Dieses Blumenarrangement strahlt Eleganz und zeitlose Sch\u00f6nheit aus, und ist damit das perfekte Geschenk f\u00fcr besondere Anl\u00e4sse. Die exotischen, zarten und sorgf\u00e4ltig ausgew\u00e4hlten Orchideen sind in einem harmonischen Zentrum vereint, der Ehrfurcht und Bewunderung hervorruft. Dieses Geschenk wird nicht nur Freude bereiten, [&hellip;]<\/p>\n","protected":false},"featured_media":3698,"template":"","meta":[],"product_brand":[],"product_cat":[108],"product_tag":[],"class_list":{"0":"post-3697","1":"product","2":"type-product","3":"status-publish","4":"has-post-thumbnail","6":"product_cat-pflanzen","8":"first","9":"instock","10":"shipping-taxable","11":"purchasable","12":"product-type-variable"},"yoast_head":"<!-- This site is optimized with the Yoast SEO plugin v27.2 - https:\/\/yoast.com\/product\/yoast-seo-wordpress\/ -->\n<title>Orchideen-Zentrum - La Mar de Flors<\/title>\n<meta name=\"robots\" content=\"index, follow, max-snippet:-1, max-image-preview:large, max-video-preview:-1\" \/>\n<link rel=\"canonical\" href=\"https:\/\/lamardeflors.com\/de\/Produkt\/orchideen-zentrum\/\" \/>\n<meta property=\"og:locale\" content=\"de_DE\" \/>\n<meta property=\"og:type\" content=\"article\" \/>\n<meta property=\"og:title\" content=\"Orchideen-Zentrum - La Mar de Flors\" \/>\n<meta property=\"og:description\" content=\"\u00dcberraschen und verzaubern Sie Ihre Liebsten mit einem beeindruckenden Geschenk: ein pr\u00e4chtiges Orchideen-Zentrum. Dieses Blumenarrangement strahlt Eleganz und zeitlose Sch\u00f6nheit aus, und ist damit das perfekte Geschenk f\u00fcr besondere Anl\u00e4sse. Die exotischen, zarten und sorgf\u00e4ltig ausgew\u00e4hlten Orchideen sind in einem harmonischen Zentrum vereint, der Ehrfurcht und Bewunderung hervorruft. Dieses Geschenk wird nicht nur Freude bereiten, [&hellip;]\" \/>\n<meta property=\"og:url\" content=\"https:\/\/lamardeflors.com\/de\/Produkt\/orchideen-zentrum\/\" \/>\n<meta property=\"og:site_name\" content=\"La Mar de Flors\" \/>\n<meta property=\"article:modified_time\" content=\"2024-01-24T15:45:30+00:00\" \/>\n<meta property=\"og:image\" content=\"https:\/\/lamardeflors.com\/wp-content\/uploads\/2023\/07\/centro-orquiedeas.jpg\" \/>\n\t<meta property=\"og:image:width\" content=\"640\" \/>\n\t<meta property=\"og:image:height\" content=\"960\" \/>\n\t<meta property=\"og:image:type\" content=\"image\/jpeg\" \/>\n<meta name=\"twitter:card\" content=\"summary_large_image\" \/>\n<meta name=\"twitter:label1\" content=\"Gesch\u00e4tzte Lesezeit\" \/>\n\t<meta name=\"twitter:data1\" content=\"1\u00a0Minute\" \/>\n<script type=\"application\/ld+json\" class=\"yoast-schema-graph\">{\"@context\":\"https:\/\/schema.org\",\"@graph\":[{\"@type\":\"WebPage\",\"@id\":\"https:\/\/lamardeflors.com\/de\/Produkt\/orchideen-zentrum\/\",\"url\":\"https:\/\/lamardeflors.com\/de\/Produkt\/orchideen-zentrum\/\",\"name\":\"Orchideen-Zentrum - La Mar de Flors\",\"isPartOf\":{\"@id\":\"https:\/\/lamardeflors.com\/#website\"},\"primaryImageOfPage\":{\"@id\":\"https:\/\/lamardeflors.com\/de\/Produkt\/orchideen-zentrum\/#primaryimage\"},\"image\":{\"@id\":\"https:\/\/lamardeflors.com\/de\/Produkt\/orchideen-zentrum\/#primaryimage\"},\"thumbnailUrl\":\"https:\/\/lamardeflors.com\/wp-content\/uploads\/2023\/07\/centro-orquiedeas.jpg\",\"datePublished\":\"2023-07-04T08:24:30+00:00\",\"dateModified\":\"2024-01-24T15:45:30+00:00\",\"breadcrumb\":{\"@id\":\"https:\/\/lamardeflors.com\/de\/Produkt\/orchideen-zentrum\/#breadcrumb\"},\"inLanguage\":\"de\",\"potentialAction\":[{\"@type\":\"ReadAction\",\"target\":[\"https:\/\/lamardeflors.com\/de\/Produkt\/orchideen-zentrum\/\"]}]},{\"@type\":\"ImageObject\",\"inLanguage\":\"de\",\"@id\":\"https:\/\/lamardeflors.com\/de\/Produkt\/orchideen-zentrum\/#primaryimage\",\"url\":\"https:\/\/lamardeflors.com\/wp-content\/uploads\/2023\/07\/centro-orquiedeas.jpg\",\"contentUrl\":\"https:\/\/lamardeflors.com\/wp-content\/uploads\/2023\/07\/centro-orquiedeas.jpg\",\"width\":640,\"height\":960},{\"@type\":\"BreadcrumbList\",\"@id\":\"https:\/\/lamardeflors.com\/de\/Produkt\/orchideen-zentrum\/#breadcrumb\",\"itemListElement\":[{\"@type\":\"ListItem\",\"position\":1,\"name\":\"Portada\",\"item\":\"https:\/\/lamardeflors.com\/\"},{\"@type\":\"ListItem\",\"position\":2,\"name\":\"Shop\",\"item\":\"https:\/\/lamardeflors.com\/de\/online-store\/\"},{\"@type\":\"ListItem\",\"position\":3,\"name\":\"Orchideen-Zentrum\"}]},{\"@type\":\"WebSite\",\"@id\":\"https:\/\/lamardeflors.com\/#website\",\"url\":\"https:\/\/lamardeflors.com\/\",\"name\":\"La Mar de Flors\",\"description\":\"Florister\u00eda en S\u00f3ller\",\"publisher\":{\"@id\":\"https:\/\/lamardeflors.com\/#organization\"},\"potentialAction\":[{\"@type\":\"SearchAction\",\"target\":{\"@type\":\"EntryPoint\",\"urlTemplate\":\"https:\/\/lamardeflors.com\/?s={search_term_string}\"},\"query-input\":{\"@type\":\"PropertyValueSpecification\",\"valueRequired\":true,\"valueName\":\"search_term_string\"}}],\"inLanguage\":\"de\"},{\"@type\":\"Organization\",\"@id\":\"https:\/\/lamardeflors.com\/#organization\",\"name\":\"La Mar de Flors\",\"url\":\"https:\/\/lamardeflors.com\/\",\"logo\":{\"@type\":\"ImageObject\",\"inLanguage\":\"de\",\"@id\":\"https:\/\/lamardeflors.com\/#\/schema\/logo\/image\/\",\"url\":\"https:\/\/lamardeflors.com\/wp-content\/uploads\/2023\/05\/logo-sin-fondo-blanco.png\",\"contentUrl\":\"https:\/\/lamardeflors.com\/wp-content\/uploads\/2023\/05\/logo-sin-fondo-blanco.png\",\"width\":1070,\"height\":741,\"caption\":\"La Mar de Flors\"},\"image\":{\"@id\":\"https:\/\/lamardeflors.com\/#\/schema\/logo\/image\/\"}}]}<\/script>\n<!-- \/ Yoast SEO plugin. -->","yoast_head_json":{"title":"Orchideen-Zentrum - La Mar de Flors","robots":{"index":"index","follow":"follow","max-snippet":"max-snippet:-1","max-image-preview":"max-image-preview:large","max-video-preview":"max-video-preview:-1"},"canonical":"https:\/\/lamardeflors.com\/de\/Produkt\/orchideen-zentrum\/","og_locale":"de_DE","og_type":"article","og_title":"Orchideen-Zentrum - La Mar de Flors","og_description":"\u00dcberraschen und verzaubern Sie Ihre Liebsten mit einem beeindruckenden Geschenk: ein pr\u00e4chtiges Orchideen-Zentrum. Dieses Blumenarrangement strahlt Eleganz und zeitlose Sch\u00f6nheit aus, und ist damit das perfekte Geschenk f\u00fcr besondere Anl\u00e4sse. Die exotischen, zarten und sorgf\u00e4ltig ausgew\u00e4hlten Orchideen sind in einem harmonischen Zentrum vereint, der Ehrfurcht und Bewunderung hervorruft. Dieses Geschenk wird nicht nur Freude bereiten, [&hellip;]","og_url":"https:\/\/lamardeflors.com\/de\/Produkt\/orchideen-zentrum\/","og_site_name":"La Mar de Flors","article_modified_time":"2024-01-24T15:45:30+00:00","og_image":[{"width":640,"height":960,"url":"https:\/\/lamardeflors.com\/wp-content\/uploads\/2023\/07\/centro-orquiedeas.jpg","type":"image\/jpeg"}],"twitter_card":"summary_large_image","twitter_misc":{"Gesch\u00e4tzte Lesezeit":"1\u00a0Minute"},"schema":{"@context":"https:\/\/schema.org","@graph":[{"@type":"WebPage","@id":"https:\/\/lamardeflors.com\/de\/Produkt\/orchideen-zentrum\/","url":"https:\/\/lamardeflors.com\/de\/Produkt\/orchideen-zentrum\/","name":"Orchideen-Zentrum - La Mar de Flors","isPartOf":{"@id":"https:\/\/lamardeflors.com\/#website"},"primaryImageOfPage":{"@id":"https:\/\/lamardeflors.com\/de\/Produkt\/orchideen-zentrum\/#primaryimage"},"image":{"@id":"https:\/\/lamardeflors.com\/de\/Produkt\/orchideen-zentrum\/#primaryimage"},"thumbnailUrl":"https:\/\/lamardeflors.com\/wp-content\/uploads\/2023\/07\/centro-orquiedeas.jpg","datePublished":"2023-07-04T08:24:30+00:00","dateModified":"2024-01-24T15:45:30+00:00","breadcrumb":{"@id":"https:\/\/lamardeflors.com\/de\/Produkt\/orchideen-zentrum\/#breadcrumb"},"inLanguage":"de","potentialAction":[{"@type":"ReadAction","target":["https:\/\/lamardeflors.com\/de\/Produkt\/orchideen-zentrum\/"]}]},{"@type":"ImageObject","inLanguage":"de","@id":"https:\/\/lamardeflors.com\/de\/Produkt\/orchideen-zentrum\/#primaryimage","url":"https:\/\/lamardeflors.com\/wp-content\/uploads\/2023\/07\/centro-orquiedeas.jpg","contentUrl":"https:\/\/lamardeflors.com\/wp-content\/uploads\/2023\/07\/centro-orquiedeas.jpg","width":640,"height":960},{"@type":"BreadcrumbList","@id":"https:\/\/lamardeflors.com\/de\/Produkt\/orchideen-zentrum\/#breadcrumb","itemListElement":[{"@type":"ListItem","position":1,"name":"Portada","item":"https:\/\/lamardeflors.com\/"},{"@type":"ListItem","position":2,"name":"Shop","item":"https:\/\/lamardeflors.com\/de\/online-store\/"},{"@type":"ListItem","position":3,"name":"Orchideen-Zentrum"}]},{"@type":"WebSite","@id":"https:\/\/lamardeflors.com\/#website","url":"https:\/\/lamardeflors.com\/","name":"La Mar de Flors","description":"Florister\u00eda en S\u00f3ller","publisher":{"@id":"https:\/\/lamardeflors.com\/#organization"},"potentialAction":[{"@type":"SearchAction","target":{"@type":"EntryPoint","urlTemplate":"https:\/\/lamardeflors.com\/?s={search_term_string}"},"query-input":{"@type":"PropertyValueSpecification","valueRequired":true,"valueName":"search_term_string"}}],"inLanguage":"de"},{"@type":"Organization","@id":"https:\/\/lamardeflors.com\/#organization","name":"La Mar de Flors","url":"https:\/\/lamardeflors.com\/","logo":{"@type":"ImageObject","inLanguage":"de","@id":"https:\/\/lamardeflors.com\/#\/schema\/logo\/image\/","url":"https:\/\/lamardeflors.com\/wp-content\/uploads\/2023\/05\/logo-sin-fondo-blanco.png","contentUrl":"https:\/\/lamardeflors.com\/wp-content\/uploads\/2023\/05\/logo-sin-fondo-blanco.png","width":1070,"height":741,"caption":"La Mar de Flors"},"image":{"@id":"https:\/\/lamardeflors.com\/#\/schema\/logo\/image\/"}}]}},"_links":{"self":[{"href":"https:\/\/lamardeflors.com\/de\/wp-json\/wp\/v2\/product\/3697","targetHints":{"allow":["GET"]}}],"collection":[{"href":"https:\/\/lamardeflors.com\/de\/wp-json\/wp\/v2\/product"}],"about":[{"href":"https:\/\/lamardeflors.com\/de\/wp-json\/wp\/v2\/types\/product"}],"version-history":[{"count":0,"href":"https:\/\/lamardeflors.com\/de\/wp-json\/wp\/v2\/product\/3697\/revisions"}],"wp:featuredmedia":[{"embeddable":true,"href":"https:\/\/lamardeflors.com\/de\/wp-json\/wp\/v2\/media\/3698"}],"wp:attachment":[{"href":"https:\/\/lamardeflors.com\/de\/wp-json\/wp\/v2\/media?parent=3697"}],"wp:term":[{"taxonomy":"product_brand","embeddable":true,"href":"https:\/\/lamardeflors.com\/de\/wp-json\/wp\/v2\/product_brand?post=3697"},{"taxonomy":"product_cat","embeddable":true,"href":"https:\/\/lamardeflors.com\/de\/wp-json\/wp\/v2\/product_cat?post=3697"},{"taxonomy":"product_tag","embeddable":true,"href":"https:\/\/lamardeflors.com\/de\/wp-json\/wp\/v2\/product_tag?post=3697"}],"curies":[{"name":"wp","href":"https:\/\/api.w.org\/{rel}","templated":true}]}}