{"id":3652,"date":"2023-07-04T10:44:51","date_gmt":"2023-07-04T08:44:51","guid":{"rendered":"https:\/\/lamardeflors.com\/producto\/ramo-estilo-florista\/"},"modified":"2024-01-24T17:21:33","modified_gmt":"2024-01-24T15:21:33","slug":"blumenstrauss-im-floristenstil","status":"publish","type":"product","link":"https:\/\/lamardeflors.com\/de\/Produkt\/blumenstrauss-im-floristenstil\/","title":{"rendered":"Blumenstrau\u00df im Floristenstil"},"content":{"rendered":"<p>Lassen Sie sich \u00fcberraschen von der Kreativit\u00e4t unseres exklusiven Blumenstrau\u00dfes im Floristenstil. Jede Blume und jedes Element wurde sorgf\u00e4ltig ausgew\u00e4hlt, um eine einzigartige und fesselnde Kombination zu schaffen. Mit einer Mischung aus Farben, Strukturen und Formen vermittelt dieser Strau\u00df ein Gef\u00fchl von Blumenkunst in ihrer sch\u00f6nsten Form. Entworfen, um Blicke zu fesseln und Emotionen zu wecken, ist unser Blumenstrau\u00df im Floristenstil ein einzigartiges Kunstwerk. Entdecken Sie die Genialit\u00e4t und Leidenschaft der<br \/>\nBlumenkunst mit diesem exklusiven Strau\u00df, der die Sch\u00f6nheit in ihrer reinsten Form feiert.<\/p>\n","protected":false},"excerpt":{"rendered":"<p>Lassen Sie sich \u00fcberraschen von der Kreativit\u00e4t unseres exklusiven Blumenstrau\u00dfes im Floristenstil. Jede Blume und jedes Element wurde sorgf\u00e4ltig ausgew\u00e4hlt, um eine einzigartige und fesselnde Kombination zu schaffen. Mit einer Mischung aus Farben, Strukturen und Formen vermittelt dieser Strau\u00df ein Gef\u00fchl von Blumenkunst in ihrer sch\u00f6nsten Form. Entworfen, um Blicke zu fesseln und Emotionen zu [&hellip;]<\/p>\n","protected":false},"featured_media":4033,"template":"","meta":[],"product_brand":[],"product_cat":[95],"product_tag":[],"class_list":{"0":"post-3652","1":"product","2":"type-product","3":"status-publish","4":"has-post-thumbnail","6":"product_cat-bouquets","8":"first","9":"instock","10":"featured","11":"shipping-taxable","12":"purchasable","13":"product-type-variable"},"yoast_head":"<!-- This site is optimized with the Yoast SEO plugin v27.2 - https:\/\/yoast.com\/product\/yoast-seo-wordpress\/ -->\n<title>Blumenstrau\u00df im Floristenstil - La Mar de Flors<\/title>\n<meta name=\"robots\" content=\"index, follow, max-snippet:-1, max-image-preview:large, max-video-preview:-1\" \/>\n<link rel=\"canonical\" href=\"https:\/\/lamardeflors.com\/de\/Produkt\/blumenstrauss-im-floristenstil\/\" \/>\n<meta property=\"og:locale\" content=\"de_DE\" \/>\n<meta property=\"og:type\" content=\"article\" \/>\n<meta property=\"og:title\" content=\"Blumenstrau\u00df im Floristenstil - La Mar de Flors\" \/>\n<meta property=\"og:description\" content=\"Lassen Sie sich \u00fcberraschen von der Kreativit\u00e4t unseres exklusiven Blumenstrau\u00dfes im Floristenstil. Jede Blume und jedes Element wurde sorgf\u00e4ltig ausgew\u00e4hlt, um eine einzigartige und fesselnde Kombination zu schaffen. Mit einer Mischung aus Farben, Strukturen und Formen vermittelt dieser Strau\u00df ein Gef\u00fchl von Blumenkunst in ihrer sch\u00f6nsten Form. Entworfen, um Blicke zu fesseln und Emotionen zu [&hellip;]\" \/>\n<meta property=\"og:url\" content=\"https:\/\/lamardeflors.com\/de\/Produkt\/blumenstrauss-im-floristenstil\/\" \/>\n<meta property=\"og:site_name\" content=\"La Mar de Flors\" \/>\n<meta property=\"article:modified_time\" content=\"2024-01-24T15:21:33+00:00\" \/>\n<meta property=\"og:image\" content=\"https:\/\/lamardeflors.com\/wp-content\/uploads\/2023\/07\/ramo-estilo-florista.jpg\" \/>\n\t<meta property=\"og:image:width\" content=\"640\" \/>\n\t<meta property=\"og:image:height\" content=\"960\" \/>\n\t<meta property=\"og:image:type\" content=\"image\/jpeg\" \/>\n<meta name=\"twitter:card\" content=\"summary_large_image\" \/>\n<meta name=\"twitter:label1\" content=\"Gesch\u00e4tzte Lesezeit\" \/>\n\t<meta name=\"twitter:data1\" content=\"1\u00a0Minute\" \/>\n<script type=\"application\/ld+json\" class=\"yoast-schema-graph\">{\"@context\":\"https:\/\/schema.org\",\"@graph\":[{\"@type\":\"WebPage\",\"@id\":\"https:\/\/lamardeflors.com\/de\/Produkt\/blumenstrauss-im-floristenstil\/\",\"url\":\"https:\/\/lamardeflors.com\/de\/Produkt\/blumenstrauss-im-floristenstil\/\",\"name\":\"Blumenstrau\u00df im Floristenstil - La Mar de Flors\",\"isPartOf\":{\"@id\":\"https:\/\/lamardeflors.com\/#website\"},\"primaryImageOfPage\":{\"@id\":\"https:\/\/lamardeflors.com\/de\/Produkt\/blumenstrauss-im-floristenstil\/#primaryimage\"},\"image\":{\"@id\":\"https:\/\/lamardeflors.com\/de\/Produkt\/blumenstrauss-im-floristenstil\/#primaryimage\"},\"thumbnailUrl\":\"https:\/\/lamardeflors.com\/wp-content\/uploads\/2023\/07\/Ramoestilodelflorista.jpg\",\"datePublished\":\"2023-07-04T08:44:51+00:00\",\"dateModified\":\"2024-01-24T15:21:33+00:00\",\"breadcrumb\":{\"@id\":\"https:\/\/lamardeflors.com\/de\/Produkt\/blumenstrauss-im-floristenstil\/#breadcrumb\"},\"inLanguage\":\"de\",\"potentialAction\":[{\"@type\":\"ReadAction\",\"target\":[\"https:\/\/lamardeflors.com\/de\/Produkt\/blumenstrauss-im-floristenstil\/\"]}]},{\"@type\":\"ImageObject\",\"inLanguage\":\"de\",\"@id\":\"https:\/\/lamardeflors.com\/de\/Produkt\/blumenstrauss-im-floristenstil\/#primaryimage\",\"url\":\"https:\/\/lamardeflors.com\/wp-content\/uploads\/2023\/07\/Ramoestilodelflorista.jpg\",\"contentUrl\":\"https:\/\/lamardeflors.com\/wp-content\/uploads\/2023\/07\/Ramoestilodelflorista.jpg\",\"width\":640,\"height\":960},{\"@type\":\"BreadcrumbList\",\"@id\":\"https:\/\/lamardeflors.com\/de\/Produkt\/blumenstrauss-im-floristenstil\/#breadcrumb\",\"itemListElement\":[{\"@type\":\"ListItem\",\"position\":1,\"name\":\"Portada\",\"item\":\"https:\/\/lamardeflors.com\/\"},{\"@type\":\"ListItem\",\"position\":2,\"name\":\"Shop\",\"item\":\"https:\/\/lamardeflors.com\/de\/online-store\/\"},{\"@type\":\"ListItem\",\"position\":3,\"name\":\"Blumenstrau\u00df im Floristenstil\"}]},{\"@type\":\"WebSite\",\"@id\":\"https:\/\/lamardeflors.com\/#website\",\"url\":\"https:\/\/lamardeflors.com\/\",\"name\":\"La Mar de Flors\",\"description\":\"Florister\u00eda en S\u00f3ller\",\"publisher\":{\"@id\":\"https:\/\/lamardeflors.com\/#organization\"},\"potentialAction\":[{\"@type\":\"SearchAction\",\"target\":{\"@type\":\"EntryPoint\",\"urlTemplate\":\"https:\/\/lamardeflors.com\/?s={search_term_string}\"},\"query-input\":{\"@type\":\"PropertyValueSpecification\",\"valueRequired\":true,\"valueName\":\"search_term_string\"}}],\"inLanguage\":\"de\"},{\"@type\":\"Organization\",\"@id\":\"https:\/\/lamardeflors.com\/#organization\",\"name\":\"La Mar de Flors\",\"url\":\"https:\/\/lamardeflors.com\/\",\"logo\":{\"@type\":\"ImageObject\",\"inLanguage\":\"de\",\"@id\":\"https:\/\/lamardeflors.com\/#\/schema\/logo\/image\/\",\"url\":\"https:\/\/lamardeflors.com\/wp-content\/uploads\/2023\/05\/logo-sin-fondo-blanco.png\",\"contentUrl\":\"https:\/\/lamardeflors.com\/wp-content\/uploads\/2023\/05\/logo-sin-fondo-blanco.png\",\"width\":1070,\"height\":741,\"caption\":\"La Mar de Flors\"},\"image\":{\"@id\":\"https:\/\/lamardeflors.com\/#\/schema\/logo\/image\/\"}}]}<\/script>\n<!-- \/ Yoast SEO plugin. -->","yoast_head_json":{"title":"Blumenstrau\u00df im Floristenstil - La Mar de Flors","robots":{"index":"index","follow":"follow","max-snippet":"max-snippet:-1","max-image-preview":"max-image-preview:large","max-video-preview":"max-video-preview:-1"},"canonical":"https:\/\/lamardeflors.com\/de\/Produkt\/blumenstrauss-im-floristenstil\/","og_locale":"de_DE","og_type":"article","og_title":"Blumenstrau\u00df im Floristenstil - La Mar de Flors","og_description":"Lassen Sie sich \u00fcberraschen von der Kreativit\u00e4t unseres exklusiven Blumenstrau\u00dfes im Floristenstil. Jede Blume und jedes Element wurde sorgf\u00e4ltig ausgew\u00e4hlt, um eine einzigartige und fesselnde Kombination zu schaffen. Mit einer Mischung aus Farben, Strukturen und Formen vermittelt dieser Strau\u00df ein Gef\u00fchl von Blumenkunst in ihrer sch\u00f6nsten Form. Entworfen, um Blicke zu fesseln und Emotionen zu [&hellip;]","og_url":"https:\/\/lamardeflors.com\/de\/Produkt\/blumenstrauss-im-floristenstil\/","og_site_name":"La Mar de Flors","article_modified_time":"2024-01-24T15:21:33+00:00","og_image":[{"width":640,"height":960,"url":"https:\/\/lamardeflors.com\/wp-content\/uploads\/2023\/07\/ramo-estilo-florista.jpg","type":"image\/jpeg"}],"twitter_card":"summary_large_image","twitter_misc":{"Gesch\u00e4tzte Lesezeit":"1\u00a0Minute"},"schema":{"@context":"https:\/\/schema.org","@graph":[{"@type":"WebPage","@id":"https:\/\/lamardeflors.com\/de\/Produkt\/blumenstrauss-im-floristenstil\/","url":"https:\/\/lamardeflors.com\/de\/Produkt\/blumenstrauss-im-floristenstil\/","name":"Blumenstrau\u00df im Floristenstil - La Mar de Flors","isPartOf":{"@id":"https:\/\/lamardeflors.com\/#website"},"primaryImageOfPage":{"@id":"https:\/\/lamardeflors.com\/de\/Produkt\/blumenstrauss-im-floristenstil\/#primaryimage"},"image":{"@id":"https:\/\/lamardeflors.com\/de\/Produkt\/blumenstrauss-im-floristenstil\/#primaryimage"},"thumbnailUrl":"https:\/\/lamardeflors.com\/wp-content\/uploads\/2023\/07\/Ramoestilodelflorista.jpg","datePublished":"2023-07-04T08:44:51+00:00","dateModified":"2024-01-24T15:21:33+00:00","breadcrumb":{"@id":"https:\/\/lamardeflors.com\/de\/Produkt\/blumenstrauss-im-floristenstil\/#breadcrumb"},"inLanguage":"de","potentialAction":[{"@type":"ReadAction","target":["https:\/\/lamardeflors.com\/de\/Produkt\/blumenstrauss-im-floristenstil\/"]}]},{"@type":"ImageObject","inLanguage":"de","@id":"https:\/\/lamardeflors.com\/de\/Produkt\/blumenstrauss-im-floristenstil\/#primaryimage","url":"https:\/\/lamardeflors.com\/wp-content\/uploads\/2023\/07\/Ramoestilodelflorista.jpg","contentUrl":"https:\/\/lamardeflors.com\/wp-content\/uploads\/2023\/07\/Ramoestilodelflorista.jpg","width":640,"height":960},{"@type":"BreadcrumbList","@id":"https:\/\/lamardeflors.com\/de\/Produkt\/blumenstrauss-im-floristenstil\/#breadcrumb","itemListElement":[{"@type":"ListItem","position":1,"name":"Portada","item":"https:\/\/lamardeflors.com\/"},{"@type":"ListItem","position":2,"name":"Shop","item":"https:\/\/lamardeflors.com\/de\/online-store\/"},{"@type":"ListItem","position":3,"name":"Blumenstrau\u00df im Floristenstil"}]},{"@type":"WebSite","@id":"https:\/\/lamardeflors.com\/#website","url":"https:\/\/lamardeflors.com\/","name":"La Mar de Flors","description":"Florister\u00eda en S\u00f3ller","publisher":{"@id":"https:\/\/lamardeflors.com\/#organization"},"potentialAction":[{"@type":"SearchAction","target":{"@type":"EntryPoint","urlTemplate":"https:\/\/lamardeflors.com\/?s={search_term_string}"},"query-input":{"@type":"PropertyValueSpecification","valueRequired":true,"valueName":"search_term_string"}}],"inLanguage":"de"},{"@type":"Organization","@id":"https:\/\/lamardeflors.com\/#organization","name":"La Mar de Flors","url":"https:\/\/lamardeflors.com\/","logo":{"@type":"ImageObject","inLanguage":"de","@id":"https:\/\/lamardeflors.com\/#\/schema\/logo\/image\/","url":"https:\/\/lamardeflors.com\/wp-content\/uploads\/2023\/05\/logo-sin-fondo-blanco.png","contentUrl":"https:\/\/lamardeflors.com\/wp-content\/uploads\/2023\/05\/logo-sin-fondo-blanco.png","width":1070,"height":741,"caption":"La Mar de Flors"},"image":{"@id":"https:\/\/lamardeflors.com\/#\/schema\/logo\/image\/"}}]}},"_links":{"self":[{"href":"https:\/\/lamardeflors.com\/de\/wp-json\/wp\/v2\/product\/3652","targetHints":{"allow":["GET"]}}],"collection":[{"href":"https:\/\/lamardeflors.com\/de\/wp-json\/wp\/v2\/product"}],"about":[{"href":"https:\/\/lamardeflors.com\/de\/wp-json\/wp\/v2\/types\/product"}],"version-history":[{"count":0,"href":"https:\/\/lamardeflors.com\/de\/wp-json\/wp\/v2\/product\/3652\/revisions"}],"wp:featuredmedia":[{"embeddable":true,"href":"https:\/\/lamardeflors.com\/de\/wp-json\/wp\/v2\/media\/4033"}],"wp:attachment":[{"href":"https:\/\/lamardeflors.com\/de\/wp-json\/wp\/v2\/media?parent=3652"}],"wp:term":[{"taxonomy":"product_brand","embeddable":true,"href":"https:\/\/lamardeflors.com\/de\/wp-json\/wp\/v2\/product_brand?post=3652"},{"taxonomy":"product_cat","embeddable":true,"href":"https:\/\/lamardeflors.com\/de\/wp-json\/wp\/v2\/product_cat?post=3652"},{"taxonomy":"product_tag","embeddable":true,"href":"https:\/\/lamardeflors.com\/de\/wp-json\/wp\/v2\/product_tag?post=3652"}],"curies":[{"name":"wp","href":"https:\/\/api.w.org\/{rel}","templated":true}]}}