{"id":3635,"date":"2023-07-04T10:49:19","date_gmt":"2023-07-04T08:49:19","guid":{"rendered":"https:\/\/lamardeflors.com\/producto\/ramo-de-rosas\/"},"modified":"2024-10-28T23:52:16","modified_gmt":"2024-10-28T21:52:16","slug":"blumenstrauss-aus-rosen","status":"publish","type":"product","link":"https:\/\/lamardeflors.com\/de\/Produkt\/blumenstrauss-aus-rosen\/","title":{"rendered":"Blumenstrau\u00df aus Rosen"},"content":{"rendered":"\t\t<div data-elementor-type=\"wp-post\" data-elementor-id=\"3635\" class=\"elementor elementor-3635 elementor-1290\" data-elementor-post-type=\"product\">\n\t\t\t\t<div class=\"elementor-element elementor-element-5bbc40f e-flex e-con-boxed e-con e-parent\" data-id=\"5bbc40f\" data-element_type=\"container\" data-e-type=\"container\">\n\t\t\t\t\t<div class=\"e-con-inner\">\n\t\t\t\t<div class=\"elementor-element elementor-element-02651b3 elementor-widget elementor-widget-text-editor\" data-id=\"02651b3\" data-element_type=\"widget\" data-e-type=\"widget\" data-widget_type=\"text-editor.default\">\n\t\t\t\t<div class=\"elementor-widget-container\">\n\t\t\t\t\t\t\t\t\t<p>Tauchen Sie ein in ein Meer aus Leidenschaft und Romantik mit einem unserer spektakul\u00e4ren Rosenstr\u00e4u\u00dfe. Diese Blumen verk\u00f6rpern Sch\u00f6nheit und Eleganz, vermitteln Eleganz und Emotionen, f\u00fcr die es keine keine Worte braucht. Ob als Ausdruck der Liebe zu einem besonderen Menschen oder zur einfachen Versch\u00f6nerung, unsere Rosen sind das perfekte Geschenk. Sie erm\u00f6glichen es Ihnen, unvergessliche Momente zu zaubern und hinterlassen einen unausl\u00f6schlichen Eindruck in Ihrem Herzen. Entdecken Sie die die Sprache der Rosen und lassen Sie sich verf\u00fchren von ihrem berauschenden Duft und ihrem Charme. Willkommen in der Welt voller bl\u00fchender Gef\u00fchle.<\/p>\t\t\t\t\t\t\t\t<\/div>\n\t\t\t\t<\/div>\n\t\t\t\t\t<\/div>\n\t\t\t\t<\/div>\n\t\t\t\t<\/div>\n\t\t","protected":false},"excerpt":{"rendered":"<p>Tauchen Sie ein in ein Meer aus Leidenschaft und Romantik mit einem unserer spektakul\u00e4ren Rosenstr\u00e4u\u00dfe. Diese Blumen verk\u00f6rpern Sch\u00f6nheit und Eleganz, vermitteln Eleganz und Emotionen, f\u00fcr die es keine keine Worte braucht. Ob als Ausdruck der Liebe zu einem besonderen Menschen oder zur einfachen Versch\u00f6nerung, unsere Rosen sind das perfekte Geschenk. Sie erm\u00f6glichen es Ihnen, [&hellip;]<\/p>\n","protected":false},"featured_media":4429,"template":"","meta":[],"product_brand":[],"product_cat":[95],"product_tag":[],"class_list":{"0":"post-3635","1":"product","2":"type-product","3":"status-publish","4":"has-post-thumbnail","6":"product_cat-bouquets","8":"first","9":"instock","10":"featured","11":"shipping-taxable","12":"purchasable","13":"product-type-variable"},"yoast_head":"<!-- This site is optimized with the Yoast SEO plugin v27.2 - https:\/\/yoast.com\/product\/yoast-seo-wordpress\/ -->\n<title>Blumenstrau\u00df aus Rosen - La Mar de Flors<\/title>\n<meta name=\"robots\" content=\"index, follow, max-snippet:-1, max-image-preview:large, max-video-preview:-1\" \/>\n<link rel=\"canonical\" href=\"https:\/\/lamardeflors.com\/Produkt\/ramo-de-rosas\/\" \/>\n<meta property=\"og:locale\" content=\"de_DE\" \/>\n<meta property=\"og:type\" content=\"article\" \/>\n<meta property=\"og:title\" content=\"Blumenstrau\u00df aus Rosen - La Mar de Flors\" \/>\n<meta property=\"og:description\" content=\"Tauchen Sie ein in ein Meer aus Leidenschaft und Romantik mit einem unserer spektakul\u00e4ren Rosenstr\u00e4u\u00dfe. Diese Blumen verk\u00f6rpern Sch\u00f6nheit und Eleganz, vermitteln Eleganz und Emotionen, f\u00fcr die es keine keine Worte braucht. Ob als Ausdruck der Liebe zu einem besonderen Menschen oder zur einfachen Versch\u00f6nerung, unsere Rosen sind das perfekte Geschenk. Sie erm\u00f6glichen es Ihnen, [&hellip;]\" \/>\n<meta property=\"og:url\" content=\"https:\/\/lamardeflors.com\/Produkt\/ramo-de-rosas\/\" \/>\n<meta property=\"og:site_name\" content=\"La Mar de Flors\" \/>\n<meta property=\"article:modified_time\" content=\"2024-10-28T21:52:16+00:00\" \/>\n<meta property=\"og:image\" content=\"https:\/\/lamardeflors.com\/wp-content\/uploads\/2023\/07\/rosasramo-1.png\" \/>\n\t<meta property=\"og:image:width\" content=\"640\" \/>\n\t<meta property=\"og:image:height\" content=\"960\" \/>\n\t<meta property=\"og:image:type\" content=\"image\/png\" \/>\n<meta name=\"twitter:card\" content=\"summary_large_image\" \/>\n<meta name=\"twitter:label1\" content=\"Gesch\u00e4tzte Lesezeit\" \/>\n\t<meta name=\"twitter:data1\" content=\"1\u00a0Minute\" \/>\n<script type=\"application\/ld+json\" class=\"yoast-schema-graph\">{\"@context\":\"https:\/\/schema.org\",\"@graph\":[{\"@type\":\"WebPage\",\"@id\":\"https:\/\/lamardeflors.com\/Produkt\/ramo-de-rosas\/\",\"url\":\"https:\/\/lamardeflors.com\/Produkt\/ramo-de-rosas\/\",\"name\":\"Blumenstrau\u00df aus Rosen - La Mar de Flors\",\"isPartOf\":{\"@id\":\"https:\/\/lamardeflors.com\/#website\"},\"primaryImageOfPage\":{\"@id\":\"https:\/\/lamardeflors.com\/Produkt\/ramo-de-rosas\/#primaryimage\"},\"image\":{\"@id\":\"https:\/\/lamardeflors.com\/Produkt\/ramo-de-rosas\/#primaryimage\"},\"thumbnailUrl\":\"https:\/\/lamardeflors.com\/wp-content\/uploads\/2023\/07\/rosasramo-1.png\",\"datePublished\":\"2023-07-04T08:49:19+00:00\",\"dateModified\":\"2024-10-28T21:52:16+00:00\",\"breadcrumb\":{\"@id\":\"https:\/\/lamardeflors.com\/Produkt\/ramo-de-rosas\/#breadcrumb\"},\"inLanguage\":\"de\",\"potentialAction\":[{\"@type\":\"ReadAction\",\"target\":[\"https:\/\/lamardeflors.com\/Produkt\/ramo-de-rosas\/\"]}]},{\"@type\":\"ImageObject\",\"inLanguage\":\"de\",\"@id\":\"https:\/\/lamardeflors.com\/Produkt\/ramo-de-rosas\/#primaryimage\",\"url\":\"https:\/\/lamardeflors.com\/wp-content\/uploads\/2023\/07\/rosasramo-1.png\",\"contentUrl\":\"https:\/\/lamardeflors.com\/wp-content\/uploads\/2023\/07\/rosasramo-1.png\",\"width\":640,\"height\":960},{\"@type\":\"BreadcrumbList\",\"@id\":\"https:\/\/lamardeflors.com\/Produkt\/ramo-de-rosas\/#breadcrumb\",\"itemListElement\":[{\"@type\":\"ListItem\",\"position\":1,\"name\":\"Portada\",\"item\":\"https:\/\/lamardeflors.com\/\"},{\"@type\":\"ListItem\",\"position\":2,\"name\":\"Shop\",\"item\":\"https:\/\/lamardeflors.com\/de\/online-store\/\"},{\"@type\":\"ListItem\",\"position\":3,\"name\":\"Blumenstrau\u00df aus Rosen\"}]},{\"@type\":\"WebSite\",\"@id\":\"https:\/\/lamardeflors.com\/#website\",\"url\":\"https:\/\/lamardeflors.com\/\",\"name\":\"La Mar de Flors\",\"description\":\"Florister\u00eda en S\u00f3ller\",\"publisher\":{\"@id\":\"https:\/\/lamardeflors.com\/#organization\"},\"potentialAction\":[{\"@type\":\"SearchAction\",\"target\":{\"@type\":\"EntryPoint\",\"urlTemplate\":\"https:\/\/lamardeflors.com\/?s={search_term_string}\"},\"query-input\":{\"@type\":\"PropertyValueSpecification\",\"valueRequired\":true,\"valueName\":\"search_term_string\"}}],\"inLanguage\":\"de\"},{\"@type\":\"Organization\",\"@id\":\"https:\/\/lamardeflors.com\/#organization\",\"name\":\"La Mar de Flors\",\"url\":\"https:\/\/lamardeflors.com\/\",\"logo\":{\"@type\":\"ImageObject\",\"inLanguage\":\"de\",\"@id\":\"https:\/\/lamardeflors.com\/#\/schema\/logo\/image\/\",\"url\":\"https:\/\/lamardeflors.com\/wp-content\/uploads\/2023\/05\/logo-sin-fondo-blanco.png\",\"contentUrl\":\"https:\/\/lamardeflors.com\/wp-content\/uploads\/2023\/05\/logo-sin-fondo-blanco.png\",\"width\":1070,\"height\":741,\"caption\":\"La Mar de Flors\"},\"image\":{\"@id\":\"https:\/\/lamardeflors.com\/#\/schema\/logo\/image\/\"}}]}<\/script>\n<!-- \/ Yoast SEO plugin. -->","yoast_head_json":{"title":"Blumenstrau\u00df aus Rosen - La Mar de Flors","robots":{"index":"index","follow":"follow","max-snippet":"max-snippet:-1","max-image-preview":"max-image-preview:large","max-video-preview":"max-video-preview:-1"},"canonical":"https:\/\/lamardeflors.com\/Produkt\/ramo-de-rosas\/","og_locale":"de_DE","og_type":"article","og_title":"Blumenstrau\u00df aus Rosen - La Mar de Flors","og_description":"Tauchen Sie ein in ein Meer aus Leidenschaft und Romantik mit einem unserer spektakul\u00e4ren Rosenstr\u00e4u\u00dfe. Diese Blumen verk\u00f6rpern Sch\u00f6nheit und Eleganz, vermitteln Eleganz und Emotionen, f\u00fcr die es keine keine Worte braucht. Ob als Ausdruck der Liebe zu einem besonderen Menschen oder zur einfachen Versch\u00f6nerung, unsere Rosen sind das perfekte Geschenk. Sie erm\u00f6glichen es Ihnen, [&hellip;]","og_url":"https:\/\/lamardeflors.com\/Produkt\/ramo-de-rosas\/","og_site_name":"La Mar de Flors","article_modified_time":"2024-10-28T21:52:16+00:00","og_image":[{"width":640,"height":960,"url":"https:\/\/lamardeflors.com\/wp-content\/uploads\/2023\/07\/rosasramo-1.png","type":"image\/png"}],"twitter_card":"summary_large_image","twitter_misc":{"Gesch\u00e4tzte Lesezeit":"1\u00a0Minute"},"schema":{"@context":"https:\/\/schema.org","@graph":[{"@type":"WebPage","@id":"https:\/\/lamardeflors.com\/Produkt\/ramo-de-rosas\/","url":"https:\/\/lamardeflors.com\/Produkt\/ramo-de-rosas\/","name":"Blumenstrau\u00df aus Rosen - La Mar de Flors","isPartOf":{"@id":"https:\/\/lamardeflors.com\/#website"},"primaryImageOfPage":{"@id":"https:\/\/lamardeflors.com\/Produkt\/ramo-de-rosas\/#primaryimage"},"image":{"@id":"https:\/\/lamardeflors.com\/Produkt\/ramo-de-rosas\/#primaryimage"},"thumbnailUrl":"https:\/\/lamardeflors.com\/wp-content\/uploads\/2023\/07\/rosasramo-1.png","datePublished":"2023-07-04T08:49:19+00:00","dateModified":"2024-10-28T21:52:16+00:00","breadcrumb":{"@id":"https:\/\/lamardeflors.com\/Produkt\/ramo-de-rosas\/#breadcrumb"},"inLanguage":"de","potentialAction":[{"@type":"ReadAction","target":["https:\/\/lamardeflors.com\/Produkt\/ramo-de-rosas\/"]}]},{"@type":"ImageObject","inLanguage":"de","@id":"https:\/\/lamardeflors.com\/Produkt\/ramo-de-rosas\/#primaryimage","url":"https:\/\/lamardeflors.com\/wp-content\/uploads\/2023\/07\/rosasramo-1.png","contentUrl":"https:\/\/lamardeflors.com\/wp-content\/uploads\/2023\/07\/rosasramo-1.png","width":640,"height":960},{"@type":"BreadcrumbList","@id":"https:\/\/lamardeflors.com\/Produkt\/ramo-de-rosas\/#breadcrumb","itemListElement":[{"@type":"ListItem","position":1,"name":"Portada","item":"https:\/\/lamardeflors.com\/"},{"@type":"ListItem","position":2,"name":"Shop","item":"https:\/\/lamardeflors.com\/de\/online-store\/"},{"@type":"ListItem","position":3,"name":"Blumenstrau\u00df aus Rosen"}]},{"@type":"WebSite","@id":"https:\/\/lamardeflors.com\/#website","url":"https:\/\/lamardeflors.com\/","name":"La Mar de Flors","description":"Florister\u00eda en S\u00f3ller","publisher":{"@id":"https:\/\/lamardeflors.com\/#organization"},"potentialAction":[{"@type":"SearchAction","target":{"@type":"EntryPoint","urlTemplate":"https:\/\/lamardeflors.com\/?s={search_term_string}"},"query-input":{"@type":"PropertyValueSpecification","valueRequired":true,"valueName":"search_term_string"}}],"inLanguage":"de"},{"@type":"Organization","@id":"https:\/\/lamardeflors.com\/#organization","name":"La Mar de Flors","url":"https:\/\/lamardeflors.com\/","logo":{"@type":"ImageObject","inLanguage":"de","@id":"https:\/\/lamardeflors.com\/#\/schema\/logo\/image\/","url":"https:\/\/lamardeflors.com\/wp-content\/uploads\/2023\/05\/logo-sin-fondo-blanco.png","contentUrl":"https:\/\/lamardeflors.com\/wp-content\/uploads\/2023\/05\/logo-sin-fondo-blanco.png","width":1070,"height":741,"caption":"La Mar de Flors"},"image":{"@id":"https:\/\/lamardeflors.com\/#\/schema\/logo\/image\/"}}]}},"_links":{"self":[{"href":"https:\/\/lamardeflors.com\/de\/wp-json\/wp\/v2\/product\/3635","targetHints":{"allow":["GET"]}}],"collection":[{"href":"https:\/\/lamardeflors.com\/de\/wp-json\/wp\/v2\/product"}],"about":[{"href":"https:\/\/lamardeflors.com\/de\/wp-json\/wp\/v2\/types\/product"}],"version-history":[{"count":3,"href":"https:\/\/lamardeflors.com\/de\/wp-json\/wp\/v2\/product\/3635\/revisions"}],"predecessor-version":[{"id":4528,"href":"https:\/\/lamardeflors.com\/de\/wp-json\/wp\/v2\/product\/3635\/revisions\/4528"}],"wp:featuredmedia":[{"embeddable":true,"href":"https:\/\/lamardeflors.com\/de\/wp-json\/wp\/v2\/media\/4429"}],"wp:attachment":[{"href":"https:\/\/lamardeflors.com\/de\/wp-json\/wp\/v2\/media?parent=3635"}],"wp:term":[{"taxonomy":"product_brand","embeddable":true,"href":"https:\/\/lamardeflors.com\/de\/wp-json\/wp\/v2\/product_brand?post=3635"},{"taxonomy":"product_cat","embeddable":true,"href":"https:\/\/lamardeflors.com\/de\/wp-json\/wp\/v2\/product_cat?post=3635"},{"taxonomy":"product_tag","embeddable":true,"href":"https:\/\/lamardeflors.com\/de\/wp-json\/wp\/v2\/product_tag?post=3635"}],"curies":[{"name":"wp","href":"https:\/\/api.w.org\/{rel}","templated":true}]}}