{"id":3587,"date":"2023-07-27T13:30:38","date_gmt":"2023-07-27T11:30:38","guid":{"rendered":"https:\/\/lamardeflors.com\/producto\/ramo-de-condolencia\/"},"modified":"2024-01-24T16:56:33","modified_gmt":"2024-01-24T14:56:33","slug":"kondolenzstrauss","status":"publish","type":"product","link":"https:\/\/lamardeflors.com\/de\/Produkt\/kondolenzstrauss\/","title":{"rendered":"Kondolenzstrau\u00df"},"content":{"rendered":"<p>Dieses Blumenarrangement vermittelt Respekt und Unterst\u00fctzung. Mit Blumen in sanften T\u00f6nen wie wei\u00dfen Lilien, wei\u00dfen Rosen und Margeriten dr\u00fcckt dieser Strau\u00df das Beileid mit Eleganz und Gelassenheit aus. Der Strau\u00df ist eine tr\u00f6stliche Geste, er soll Trost und Unterst\u00fctzung in Zeiten der Trauer spenden.<\/p>\n","protected":false},"excerpt":{"rendered":"<p>Dieses Blumenarrangement vermittelt Respekt und Unterst\u00fctzung. Mit Blumen in sanften T\u00f6nen wie wei\u00dfen Lilien, wei\u00dfen Rosen und Margeriten dr\u00fcckt dieser Strau\u00df das Beileid mit Eleganz und Gelassenheit aus. Der Strau\u00df ist eine tr\u00f6stliche Geste, er soll Trost und Unterst\u00fctzung in Zeiten der Trauer spenden.<\/p>\n","protected":false},"featured_media":4473,"template":"","meta":[],"product_brand":[],"product_cat":[105],"product_tag":[],"class_list":{"0":"post-3587","1":"product","2":"type-product","3":"status-publish","4":"has-post-thumbnail","6":"product_cat-kondolenzen","8":"first","9":"instock","10":"shipping-taxable","11":"purchasable","12":"product-type-variable"},"yoast_head":"<!-- This site is optimized with the Yoast SEO plugin v27.2 - https:\/\/yoast.com\/product\/yoast-seo-wordpress\/ -->\n<title>Kondolenzstrau\u00df - La Mar de Flors<\/title>\n<meta name=\"robots\" content=\"index, follow, max-snippet:-1, max-image-preview:large, max-video-preview:-1\" \/>\n<link rel=\"canonical\" href=\"https:\/\/lamardeflors.com\/de\/Produkt\/kondolenzstrauss\/\" \/>\n<meta property=\"og:locale\" content=\"de_DE\" \/>\n<meta property=\"og:type\" content=\"article\" \/>\n<meta property=\"og:title\" content=\"Kondolenzstrau\u00df - La Mar de Flors\" \/>\n<meta property=\"og:description\" content=\"Dieses Blumenarrangement vermittelt Respekt und Unterst\u00fctzung. Mit Blumen in sanften T\u00f6nen wie wei\u00dfen Lilien, wei\u00dfen Rosen und Margeriten dr\u00fcckt dieser Strau\u00df das Beileid mit Eleganz und Gelassenheit aus. Der Strau\u00df ist eine tr\u00f6stliche Geste, er soll Trost und Unterst\u00fctzung in Zeiten der Trauer spenden.\" \/>\n<meta property=\"og:url\" content=\"https:\/\/lamardeflors.com\/de\/Produkt\/kondolenzstrauss\/\" \/>\n<meta property=\"og:site_name\" content=\"La Mar de Flors\" \/>\n<meta property=\"article:modified_time\" content=\"2024-01-24T14:56:33+00:00\" \/>\n<meta property=\"og:image\" content=\"https:\/\/lamardeflors.com\/wp-content\/uploads\/2023\/07\/ramo-condolencias.jpg\" \/>\n\t<meta property=\"og:image:width\" content=\"640\" \/>\n\t<meta property=\"og:image:height\" content=\"960\" \/>\n\t<meta property=\"og:image:type\" content=\"image\/jpeg\" \/>\n<meta name=\"twitter:card\" content=\"summary_large_image\" \/>\n<meta name=\"twitter:label1\" content=\"Gesch\u00e4tzte Lesezeit\" \/>\n\t<meta name=\"twitter:data1\" content=\"1\u00a0Minute\" \/>\n<script type=\"application\/ld+json\" class=\"yoast-schema-graph\">{\"@context\":\"https:\/\/schema.org\",\"@graph\":[{\"@type\":\"WebPage\",\"@id\":\"https:\/\/lamardeflors.com\/de\/Produkt\/kondolenzstrauss\/\",\"url\":\"https:\/\/lamardeflors.com\/de\/Produkt\/kondolenzstrauss\/\",\"name\":\"Kondolenzstrau\u00df - La Mar de Flors\",\"isPartOf\":{\"@id\":\"https:\/\/lamardeflors.com\/#website\"},\"primaryImageOfPage\":{\"@id\":\"https:\/\/lamardeflors.com\/de\/Produkt\/kondolenzstrauss\/#primaryimage\"},\"image\":{\"@id\":\"https:\/\/lamardeflors.com\/de\/Produkt\/kondolenzstrauss\/#primaryimage\"},\"thumbnailUrl\":\"https:\/\/lamardeflors.com\/wp-content\/uploads\/2024\/10\/Ramofunerario-1.png\",\"datePublished\":\"2023-07-27T11:30:38+00:00\",\"dateModified\":\"2024-01-24T14:56:33+00:00\",\"breadcrumb\":{\"@id\":\"https:\/\/lamardeflors.com\/de\/Produkt\/kondolenzstrauss\/#breadcrumb\"},\"inLanguage\":\"de\",\"potentialAction\":[{\"@type\":\"ReadAction\",\"target\":[\"https:\/\/lamardeflors.com\/de\/Produkt\/kondolenzstrauss\/\"]}]},{\"@type\":\"ImageObject\",\"inLanguage\":\"de\",\"@id\":\"https:\/\/lamardeflors.com\/de\/Produkt\/kondolenzstrauss\/#primaryimage\",\"url\":\"https:\/\/lamardeflors.com\/wp-content\/uploads\/2024\/10\/Ramofunerario-1.png\",\"contentUrl\":\"https:\/\/lamardeflors.com\/wp-content\/uploads\/2024\/10\/Ramofunerario-1.png\",\"width\":640,\"height\":960},{\"@type\":\"BreadcrumbList\",\"@id\":\"https:\/\/lamardeflors.com\/de\/Produkt\/kondolenzstrauss\/#breadcrumb\",\"itemListElement\":[{\"@type\":\"ListItem\",\"position\":1,\"name\":\"Portada\",\"item\":\"https:\/\/lamardeflors.com\/\"},{\"@type\":\"ListItem\",\"position\":2,\"name\":\"Shop\",\"item\":\"https:\/\/lamardeflors.com\/de\/online-store\/\"},{\"@type\":\"ListItem\",\"position\":3,\"name\":\"Kondolenzstrau\u00df\"}]},{\"@type\":\"WebSite\",\"@id\":\"https:\/\/lamardeflors.com\/#website\",\"url\":\"https:\/\/lamardeflors.com\/\",\"name\":\"La Mar de Flors\",\"description\":\"Florister\u00eda en S\u00f3ller\",\"publisher\":{\"@id\":\"https:\/\/lamardeflors.com\/#organization\"},\"potentialAction\":[{\"@type\":\"SearchAction\",\"target\":{\"@type\":\"EntryPoint\",\"urlTemplate\":\"https:\/\/lamardeflors.com\/?s={search_term_string}\"},\"query-input\":{\"@type\":\"PropertyValueSpecification\",\"valueRequired\":true,\"valueName\":\"search_term_string\"}}],\"inLanguage\":\"de\"},{\"@type\":\"Organization\",\"@id\":\"https:\/\/lamardeflors.com\/#organization\",\"name\":\"La Mar de Flors\",\"url\":\"https:\/\/lamardeflors.com\/\",\"logo\":{\"@type\":\"ImageObject\",\"inLanguage\":\"de\",\"@id\":\"https:\/\/lamardeflors.com\/#\/schema\/logo\/image\/\",\"url\":\"https:\/\/lamardeflors.com\/wp-content\/uploads\/2023\/05\/logo-sin-fondo-blanco.png\",\"contentUrl\":\"https:\/\/lamardeflors.com\/wp-content\/uploads\/2023\/05\/logo-sin-fondo-blanco.png\",\"width\":1070,\"height\":741,\"caption\":\"La Mar de Flors\"},\"image\":{\"@id\":\"https:\/\/lamardeflors.com\/#\/schema\/logo\/image\/\"}}]}<\/script>\n<!-- \/ Yoast SEO plugin. -->","yoast_head_json":{"title":"Kondolenzstrau\u00df - La Mar de Flors","robots":{"index":"index","follow":"follow","max-snippet":"max-snippet:-1","max-image-preview":"max-image-preview:large","max-video-preview":"max-video-preview:-1"},"canonical":"https:\/\/lamardeflors.com\/de\/Produkt\/kondolenzstrauss\/","og_locale":"de_DE","og_type":"article","og_title":"Kondolenzstrau\u00df - La Mar de Flors","og_description":"Dieses Blumenarrangement vermittelt Respekt und Unterst\u00fctzung. Mit Blumen in sanften T\u00f6nen wie wei\u00dfen Lilien, wei\u00dfen Rosen und Margeriten dr\u00fcckt dieser Strau\u00df das Beileid mit Eleganz und Gelassenheit aus. Der Strau\u00df ist eine tr\u00f6stliche Geste, er soll Trost und Unterst\u00fctzung in Zeiten der Trauer spenden.","og_url":"https:\/\/lamardeflors.com\/de\/Produkt\/kondolenzstrauss\/","og_site_name":"La Mar de Flors","article_modified_time":"2024-01-24T14:56:33+00:00","og_image":[{"width":640,"height":960,"url":"https:\/\/lamardeflors.com\/wp-content\/uploads\/2023\/07\/ramo-condolencias.jpg","type":"image\/jpeg"}],"twitter_card":"summary_large_image","twitter_misc":{"Gesch\u00e4tzte Lesezeit":"1\u00a0Minute"},"schema":{"@context":"https:\/\/schema.org","@graph":[{"@type":"WebPage","@id":"https:\/\/lamardeflors.com\/de\/Produkt\/kondolenzstrauss\/","url":"https:\/\/lamardeflors.com\/de\/Produkt\/kondolenzstrauss\/","name":"Kondolenzstrau\u00df - La Mar de Flors","isPartOf":{"@id":"https:\/\/lamardeflors.com\/#website"},"primaryImageOfPage":{"@id":"https:\/\/lamardeflors.com\/de\/Produkt\/kondolenzstrauss\/#primaryimage"},"image":{"@id":"https:\/\/lamardeflors.com\/de\/Produkt\/kondolenzstrauss\/#primaryimage"},"thumbnailUrl":"https:\/\/lamardeflors.com\/wp-content\/uploads\/2024\/10\/Ramofunerario-1.png","datePublished":"2023-07-27T11:30:38+00:00","dateModified":"2024-01-24T14:56:33+00:00","breadcrumb":{"@id":"https:\/\/lamardeflors.com\/de\/Produkt\/kondolenzstrauss\/#breadcrumb"},"inLanguage":"de","potentialAction":[{"@type":"ReadAction","target":["https:\/\/lamardeflors.com\/de\/Produkt\/kondolenzstrauss\/"]}]},{"@type":"ImageObject","inLanguage":"de","@id":"https:\/\/lamardeflors.com\/de\/Produkt\/kondolenzstrauss\/#primaryimage","url":"https:\/\/lamardeflors.com\/wp-content\/uploads\/2024\/10\/Ramofunerario-1.png","contentUrl":"https:\/\/lamardeflors.com\/wp-content\/uploads\/2024\/10\/Ramofunerario-1.png","width":640,"height":960},{"@type":"BreadcrumbList","@id":"https:\/\/lamardeflors.com\/de\/Produkt\/kondolenzstrauss\/#breadcrumb","itemListElement":[{"@type":"ListItem","position":1,"name":"Portada","item":"https:\/\/lamardeflors.com\/"},{"@type":"ListItem","position":2,"name":"Shop","item":"https:\/\/lamardeflors.com\/de\/online-store\/"},{"@type":"ListItem","position":3,"name":"Kondolenzstrau\u00df"}]},{"@type":"WebSite","@id":"https:\/\/lamardeflors.com\/#website","url":"https:\/\/lamardeflors.com\/","name":"La Mar de Flors","description":"Florister\u00eda en S\u00f3ller","publisher":{"@id":"https:\/\/lamardeflors.com\/#organization"},"potentialAction":[{"@type":"SearchAction","target":{"@type":"EntryPoint","urlTemplate":"https:\/\/lamardeflors.com\/?s={search_term_string}"},"query-input":{"@type":"PropertyValueSpecification","valueRequired":true,"valueName":"search_term_string"}}],"inLanguage":"de"},{"@type":"Organization","@id":"https:\/\/lamardeflors.com\/#organization","name":"La Mar de Flors","url":"https:\/\/lamardeflors.com\/","logo":{"@type":"ImageObject","inLanguage":"de","@id":"https:\/\/lamardeflors.com\/#\/schema\/logo\/image\/","url":"https:\/\/lamardeflors.com\/wp-content\/uploads\/2023\/05\/logo-sin-fondo-blanco.png","contentUrl":"https:\/\/lamardeflors.com\/wp-content\/uploads\/2023\/05\/logo-sin-fondo-blanco.png","width":1070,"height":741,"caption":"La Mar de Flors"},"image":{"@id":"https:\/\/lamardeflors.com\/#\/schema\/logo\/image\/"}}]}},"_links":{"self":[{"href":"https:\/\/lamardeflors.com\/de\/wp-json\/wp\/v2\/product\/3587","targetHints":{"allow":["GET"]}}],"collection":[{"href":"https:\/\/lamardeflors.com\/de\/wp-json\/wp\/v2\/product"}],"about":[{"href":"https:\/\/lamardeflors.com\/de\/wp-json\/wp\/v2\/types\/product"}],"version-history":[{"count":0,"href":"https:\/\/lamardeflors.com\/de\/wp-json\/wp\/v2\/product\/3587\/revisions"}],"wp:featuredmedia":[{"embeddable":true,"href":"https:\/\/lamardeflors.com\/de\/wp-json\/wp\/v2\/media\/4473"}],"wp:attachment":[{"href":"https:\/\/lamardeflors.com\/de\/wp-json\/wp\/v2\/media?parent=3587"}],"wp:term":[{"taxonomy":"product_brand","embeddable":true,"href":"https:\/\/lamardeflors.com\/de\/wp-json\/wp\/v2\/product_brand?post=3587"},{"taxonomy":"product_cat","embeddable":true,"href":"https:\/\/lamardeflors.com\/de\/wp-json\/wp\/v2\/product_cat?post=3587"},{"taxonomy":"product_tag","embeddable":true,"href":"https:\/\/lamardeflors.com\/de\/wp-json\/wp\/v2\/product_tag?post=3587"}],"curies":[{"name":"wp","href":"https:\/\/api.w.org\/{rel}","templated":true}]}}