{"id":3571,"date":"2023-07-27T13:31:31","date_gmt":"2023-07-27T11:31:31","guid":{"rendered":"https:\/\/lamardeflors.com\/producto\/caja-estilo-silvestre\/"},"modified":"2024-09-08T14:28:37","modified_gmt":"2024-09-08T12:28:37","slug":"box-im-wilden-stil","status":"publish","type":"product","link":"https:\/\/lamardeflors.com\/de\/Produkt\/box-im-wilden-stil\/","title":{"rendered":"Box im wilden Stil"},"content":{"rendered":"<p>Begeistern und fesseln Sie mit einem sch\u00f6nen Arrangement im wilden Stil in einer charmanten Hutschachtel. Sorgf\u00e4ltig ausgew\u00e4hlte Blumen und Laub werden und kunstvoll und spontan arrangiert, um ein wildes und lebendiges Arrangement zu schaffen. Dieses f\u00fcllt jede Umgebung mit Leben und Energie und versetzt den Empf\u00e4nger an einen Ort der Tr\u00e4umerei und<br \/>\nGelassenheit. Entdecken Sie mit diesem Arrangement die Magie der wilden Natur und schenken Sie ein kleines St\u00fcck dieser an denjenigen, der es zu sch\u00e4tzen wei\u00df.<\/p>\n","protected":false},"excerpt":{"rendered":"<p>Begeistern und fesseln Sie mit einem sch\u00f6nen Arrangement im wilden Stil in einer charmanten Hutschachtel. Sorgf\u00e4ltig ausgew\u00e4hlte Blumen und Laub werden und kunstvoll und spontan arrangiert, um ein wildes und lebendiges Arrangement zu schaffen. Dieses f\u00fcllt jede Umgebung mit Leben und Energie und versetzt den Empf\u00e4nger an einen Ort der Tr\u00e4umerei und Gelassenheit. Entdecken Sie [&hellip;]<\/p>\n","protected":false},"featured_media":4502,"template":"","meta":[],"product_brand":[],"product_cat":[101],"product_tag":[],"class_list":{"0":"post-3571","1":"product","2":"type-product","3":"status-publish","4":"has-post-thumbnail","6":"product_cat-blumenkisten","8":"first","9":"instock","10":"shipping-taxable","11":"purchasable","12":"product-type-variable"},"yoast_head":"<!-- This site is optimized with the Yoast SEO plugin v27.2 - https:\/\/yoast.com\/product\/yoast-seo-wordpress\/ -->\n<title>Box im wilden Stil - La Mar de Flors<\/title>\n<meta name=\"robots\" content=\"index, follow, max-snippet:-1, max-image-preview:large, max-video-preview:-1\" \/>\n<link rel=\"canonical\" href=\"https:\/\/lamardeflors.com\/de\/Produkt\/box-im-wilden-stil\/\" \/>\n<meta property=\"og:locale\" content=\"de_DE\" \/>\n<meta property=\"og:type\" content=\"article\" \/>\n<meta property=\"og:title\" content=\"Box im wilden Stil - La Mar de Flors\" \/>\n<meta property=\"og:description\" content=\"Begeistern und fesseln Sie mit einem sch\u00f6nen Arrangement im wilden Stil in einer charmanten Hutschachtel. Sorgf\u00e4ltig ausgew\u00e4hlte Blumen und Laub werden und kunstvoll und spontan arrangiert, um ein wildes und lebendiges Arrangement zu schaffen. Dieses f\u00fcllt jede Umgebung mit Leben und Energie und versetzt den Empf\u00e4nger an einen Ort der Tr\u00e4umerei und Gelassenheit. Entdecken Sie [&hellip;]\" \/>\n<meta property=\"og:url\" content=\"https:\/\/lamardeflors.com\/de\/Produkt\/box-im-wilden-stil\/\" \/>\n<meta property=\"og:site_name\" content=\"La Mar de Flors\" \/>\n<meta property=\"article:modified_time\" content=\"2024-09-08T12:28:37+00:00\" \/>\n<meta property=\"og:image\" content=\"https:\/\/lamardeflors.com\/wp-content\/uploads\/2023\/07\/cajasilvestre.jpg\" \/>\n\t<meta property=\"og:image:width\" content=\"640\" \/>\n\t<meta property=\"og:image:height\" content=\"960\" \/>\n\t<meta property=\"og:image:type\" content=\"image\/jpeg\" \/>\n<meta name=\"twitter:card\" content=\"summary_large_image\" \/>\n<meta name=\"twitter:label1\" content=\"Gesch\u00e4tzte Lesezeit\" \/>\n\t<meta name=\"twitter:data1\" content=\"1\u00a0Minute\" \/>\n<script type=\"application\/ld+json\" class=\"yoast-schema-graph\">{\"@context\":\"https:\/\/schema.org\",\"@graph\":[{\"@type\":\"WebPage\",\"@id\":\"https:\/\/lamardeflors.com\/de\/Produkt\/box-im-wilden-stil\/\",\"url\":\"https:\/\/lamardeflors.com\/de\/Produkt\/box-im-wilden-stil\/\",\"name\":\"Box im wilden Stil - La Mar de Flors\",\"isPartOf\":{\"@id\":\"https:\/\/lamardeflors.com\/#website\"},\"primaryImageOfPage\":{\"@id\":\"https:\/\/lamardeflors.com\/de\/Produkt\/box-im-wilden-stil\/#primaryimage\"},\"image\":{\"@id\":\"https:\/\/lamardeflors.com\/de\/Produkt\/box-im-wilden-stil\/#primaryimage\"},\"thumbnailUrl\":\"https:\/\/lamardeflors.com\/wp-content\/uploads\/2023\/07\/Cajasilvestreblanca.png\",\"datePublished\":\"2023-07-27T11:31:31+00:00\",\"dateModified\":\"2024-09-08T12:28:37+00:00\",\"breadcrumb\":{\"@id\":\"https:\/\/lamardeflors.com\/de\/Produkt\/box-im-wilden-stil\/#breadcrumb\"},\"inLanguage\":\"de\",\"potentialAction\":[{\"@type\":\"ReadAction\",\"target\":[\"https:\/\/lamardeflors.com\/de\/Produkt\/box-im-wilden-stil\/\"]}]},{\"@type\":\"ImageObject\",\"inLanguage\":\"de\",\"@id\":\"https:\/\/lamardeflors.com\/de\/Produkt\/box-im-wilden-stil\/#primaryimage\",\"url\":\"https:\/\/lamardeflors.com\/wp-content\/uploads\/2023\/07\/Cajasilvestreblanca.png\",\"contentUrl\":\"https:\/\/lamardeflors.com\/wp-content\/uploads\/2023\/07\/Cajasilvestreblanca.png\",\"width\":640,\"height\":960},{\"@type\":\"BreadcrumbList\",\"@id\":\"https:\/\/lamardeflors.com\/de\/Produkt\/box-im-wilden-stil\/#breadcrumb\",\"itemListElement\":[{\"@type\":\"ListItem\",\"position\":1,\"name\":\"Portada\",\"item\":\"https:\/\/lamardeflors.com\/\"},{\"@type\":\"ListItem\",\"position\":2,\"name\":\"Shop\",\"item\":\"https:\/\/lamardeflors.com\/de\/online-store\/\"},{\"@type\":\"ListItem\",\"position\":3,\"name\":\"Box im wilden Stil\"}]},{\"@type\":\"WebSite\",\"@id\":\"https:\/\/lamardeflors.com\/#website\",\"url\":\"https:\/\/lamardeflors.com\/\",\"name\":\"La Mar de Flors\",\"description\":\"Florister\u00eda en S\u00f3ller\",\"publisher\":{\"@id\":\"https:\/\/lamardeflors.com\/#organization\"},\"potentialAction\":[{\"@type\":\"SearchAction\",\"target\":{\"@type\":\"EntryPoint\",\"urlTemplate\":\"https:\/\/lamardeflors.com\/?s={search_term_string}\"},\"query-input\":{\"@type\":\"PropertyValueSpecification\",\"valueRequired\":true,\"valueName\":\"search_term_string\"}}],\"inLanguage\":\"de\"},{\"@type\":\"Organization\",\"@id\":\"https:\/\/lamardeflors.com\/#organization\",\"name\":\"La Mar de Flors\",\"url\":\"https:\/\/lamardeflors.com\/\",\"logo\":{\"@type\":\"ImageObject\",\"inLanguage\":\"de\",\"@id\":\"https:\/\/lamardeflors.com\/#\/schema\/logo\/image\/\",\"url\":\"https:\/\/lamardeflors.com\/wp-content\/uploads\/2023\/05\/logo-sin-fondo-blanco.png\",\"contentUrl\":\"https:\/\/lamardeflors.com\/wp-content\/uploads\/2023\/05\/logo-sin-fondo-blanco.png\",\"width\":1070,\"height\":741,\"caption\":\"La Mar de Flors\"},\"image\":{\"@id\":\"https:\/\/lamardeflors.com\/#\/schema\/logo\/image\/\"}}]}<\/script>\n<!-- \/ Yoast SEO plugin. -->","yoast_head_json":{"title":"Box im wilden Stil - La Mar de Flors","robots":{"index":"index","follow":"follow","max-snippet":"max-snippet:-1","max-image-preview":"max-image-preview:large","max-video-preview":"max-video-preview:-1"},"canonical":"https:\/\/lamardeflors.com\/de\/Produkt\/box-im-wilden-stil\/","og_locale":"de_DE","og_type":"article","og_title":"Box im wilden Stil - La Mar de Flors","og_description":"Begeistern und fesseln Sie mit einem sch\u00f6nen Arrangement im wilden Stil in einer charmanten Hutschachtel. Sorgf\u00e4ltig ausgew\u00e4hlte Blumen und Laub werden und kunstvoll und spontan arrangiert, um ein wildes und lebendiges Arrangement zu schaffen. Dieses f\u00fcllt jede Umgebung mit Leben und Energie und versetzt den Empf\u00e4nger an einen Ort der Tr\u00e4umerei und Gelassenheit. Entdecken Sie [&hellip;]","og_url":"https:\/\/lamardeflors.com\/de\/Produkt\/box-im-wilden-stil\/","og_site_name":"La Mar de Flors","article_modified_time":"2024-09-08T12:28:37+00:00","og_image":[{"width":640,"height":960,"url":"https:\/\/lamardeflors.com\/wp-content\/uploads\/2023\/07\/cajasilvestre.jpg","type":"image\/jpeg"}],"twitter_card":"summary_large_image","twitter_misc":{"Gesch\u00e4tzte Lesezeit":"1\u00a0Minute"},"schema":{"@context":"https:\/\/schema.org","@graph":[{"@type":"WebPage","@id":"https:\/\/lamardeflors.com\/de\/Produkt\/box-im-wilden-stil\/","url":"https:\/\/lamardeflors.com\/de\/Produkt\/box-im-wilden-stil\/","name":"Box im wilden Stil - La Mar de Flors","isPartOf":{"@id":"https:\/\/lamardeflors.com\/#website"},"primaryImageOfPage":{"@id":"https:\/\/lamardeflors.com\/de\/Produkt\/box-im-wilden-stil\/#primaryimage"},"image":{"@id":"https:\/\/lamardeflors.com\/de\/Produkt\/box-im-wilden-stil\/#primaryimage"},"thumbnailUrl":"https:\/\/lamardeflors.com\/wp-content\/uploads\/2023\/07\/Cajasilvestreblanca.png","datePublished":"2023-07-27T11:31:31+00:00","dateModified":"2024-09-08T12:28:37+00:00","breadcrumb":{"@id":"https:\/\/lamardeflors.com\/de\/Produkt\/box-im-wilden-stil\/#breadcrumb"},"inLanguage":"de","potentialAction":[{"@type":"ReadAction","target":["https:\/\/lamardeflors.com\/de\/Produkt\/box-im-wilden-stil\/"]}]},{"@type":"ImageObject","inLanguage":"de","@id":"https:\/\/lamardeflors.com\/de\/Produkt\/box-im-wilden-stil\/#primaryimage","url":"https:\/\/lamardeflors.com\/wp-content\/uploads\/2023\/07\/Cajasilvestreblanca.png","contentUrl":"https:\/\/lamardeflors.com\/wp-content\/uploads\/2023\/07\/Cajasilvestreblanca.png","width":640,"height":960},{"@type":"BreadcrumbList","@id":"https:\/\/lamardeflors.com\/de\/Produkt\/box-im-wilden-stil\/#breadcrumb","itemListElement":[{"@type":"ListItem","position":1,"name":"Portada","item":"https:\/\/lamardeflors.com\/"},{"@type":"ListItem","position":2,"name":"Shop","item":"https:\/\/lamardeflors.com\/de\/online-store\/"},{"@type":"ListItem","position":3,"name":"Box im wilden Stil"}]},{"@type":"WebSite","@id":"https:\/\/lamardeflors.com\/#website","url":"https:\/\/lamardeflors.com\/","name":"La Mar de Flors","description":"Florister\u00eda en S\u00f3ller","publisher":{"@id":"https:\/\/lamardeflors.com\/#organization"},"potentialAction":[{"@type":"SearchAction","target":{"@type":"EntryPoint","urlTemplate":"https:\/\/lamardeflors.com\/?s={search_term_string}"},"query-input":{"@type":"PropertyValueSpecification","valueRequired":true,"valueName":"search_term_string"}}],"inLanguage":"de"},{"@type":"Organization","@id":"https:\/\/lamardeflors.com\/#organization","name":"La Mar de Flors","url":"https:\/\/lamardeflors.com\/","logo":{"@type":"ImageObject","inLanguage":"de","@id":"https:\/\/lamardeflors.com\/#\/schema\/logo\/image\/","url":"https:\/\/lamardeflors.com\/wp-content\/uploads\/2023\/05\/logo-sin-fondo-blanco.png","contentUrl":"https:\/\/lamardeflors.com\/wp-content\/uploads\/2023\/05\/logo-sin-fondo-blanco.png","width":1070,"height":741,"caption":"La Mar de Flors"},"image":{"@id":"https:\/\/lamardeflors.com\/#\/schema\/logo\/image\/"}}]}},"_links":{"self":[{"href":"https:\/\/lamardeflors.com\/de\/wp-json\/wp\/v2\/product\/3571","targetHints":{"allow":["GET"]}}],"collection":[{"href":"https:\/\/lamardeflors.com\/de\/wp-json\/wp\/v2\/product"}],"about":[{"href":"https:\/\/lamardeflors.com\/de\/wp-json\/wp\/v2\/types\/product"}],"version-history":[{"count":5,"href":"https:\/\/lamardeflors.com\/de\/wp-json\/wp\/v2\/product\/3571\/revisions"}],"predecessor-version":[{"id":4335,"href":"https:\/\/lamardeflors.com\/de\/wp-json\/wp\/v2\/product\/3571\/revisions\/4335"}],"wp:featuredmedia":[{"embeddable":true,"href":"https:\/\/lamardeflors.com\/de\/wp-json\/wp\/v2\/media\/4502"}],"wp:attachment":[{"href":"https:\/\/lamardeflors.com\/de\/wp-json\/wp\/v2\/media?parent=3571"}],"wp:term":[{"taxonomy":"product_brand","embeddable":true,"href":"https:\/\/lamardeflors.com\/de\/wp-json\/wp\/v2\/product_brand?post=3571"},{"taxonomy":"product_cat","embeddable":true,"href":"https:\/\/lamardeflors.com\/de\/wp-json\/wp\/v2\/product_cat?post=3571"},{"taxonomy":"product_tag","embeddable":true,"href":"https:\/\/lamardeflors.com\/de\/wp-json\/wp\/v2\/product_tag?post=3571"}],"curies":[{"name":"wp","href":"https:\/\/api.w.org\/{rel}","templated":true}]}}