{"id":3555,"date":"2023-07-27T13:32:03","date_gmt":"2023-07-27T11:32:03","guid":{"rendered":"https:\/\/lamardeflors.com\/producto\/caja-estilo-clasico\/"},"modified":"2024-01-24T16:23:34","modified_gmt":"2024-01-24T14:23:34","slug":"box-im-klassischen-stil","status":"publish","type":"product","link":"https:\/\/lamardeflors.com\/de\/Produkt\/box-im-klassischen-stil\/","title":{"rendered":"Box im klassischen Stil"},"content":{"rendered":"<p>\u00dcberraschen Sie mit einem eleganten Arrangement in einer edlen Box. Dieses Geschenk verbindet die Raffinesse und Harmonie eines klassischen Blumenarrangements mit der makellosen Pr\u00e4sentation einer Box. Jede Blume in ihrer markanten Farbe und Form sorgt f\u00fcr einen Hauch von Sch\u00f6nheit und Vornehmheit des Arrangements. Die Box, mit ihrer eleganten Verarbeitung und akribischen Details, unterstreicht die Sch\u00f6nheit des Ganzen. Dieses fesselnde Geschenk wird von Ihnen gesch\u00e4tzt, nicht zuletzt durch seine Raffinesse und Liebe zum Detail. Entdecken Sie die dauerhafte Sch\u00f6nheit und Pracht des klassischen Stils mit diesem Arrangement in einer Box.<\/p>\n","protected":false},"excerpt":{"rendered":"<p>\u00dcberraschen Sie mit einem eleganten Arrangement in einer edlen Box. Dieses Geschenk verbindet die Raffinesse und Harmonie eines klassischen Blumenarrangements mit der makellosen Pr\u00e4sentation einer Box. Jede Blume in ihrer markanten Farbe und Form sorgt f\u00fcr einen Hauch von Sch\u00f6nheit und Vornehmheit des Arrangements. Die Box, mit ihrer eleganten Verarbeitung und akribischen Details, unterstreicht die [&hellip;]<\/p>\n","protected":false},"featured_media":3940,"template":"","meta":[],"product_brand":[],"product_cat":[101],"product_tag":[],"class_list":{"0":"post-3555","1":"product","2":"type-product","3":"status-publish","4":"has-post-thumbnail","6":"product_cat-blumenkisten","8":"first","9":"instock","10":"shipping-taxable","11":"purchasable","12":"product-type-variable"},"yoast_head":"<!-- This site is optimized with the Yoast SEO plugin v27.2 - https:\/\/yoast.com\/product\/yoast-seo-wordpress\/ -->\n<title>Box im klassischen Stil - La Mar de Flors<\/title>\n<meta name=\"robots\" content=\"index, follow, max-snippet:-1, max-image-preview:large, max-video-preview:-1\" \/>\n<link rel=\"canonical\" href=\"https:\/\/lamardeflors.com\/de\/Produkt\/box-im-klassischen-stil\/\" \/>\n<meta property=\"og:locale\" content=\"de_DE\" \/>\n<meta property=\"og:type\" content=\"article\" \/>\n<meta property=\"og:title\" content=\"Box im klassischen Stil - La Mar de Flors\" \/>\n<meta property=\"og:description\" content=\"\u00dcberraschen Sie mit einem eleganten Arrangement in einer edlen Box. Dieses Geschenk verbindet die Raffinesse und Harmonie eines klassischen Blumenarrangements mit der makellosen Pr\u00e4sentation einer Box. Jede Blume in ihrer markanten Farbe und Form sorgt f\u00fcr einen Hauch von Sch\u00f6nheit und Vornehmheit des Arrangements. Die Box, mit ihrer eleganten Verarbeitung und akribischen Details, unterstreicht die [&hellip;]\" \/>\n<meta property=\"og:url\" content=\"https:\/\/lamardeflors.com\/de\/Produkt\/box-im-klassischen-stil\/\" \/>\n<meta property=\"og:site_name\" content=\"La Mar de Flors\" \/>\n<meta property=\"article:modified_time\" content=\"2024-01-24T14:23:34+00:00\" \/>\n<meta property=\"og:image\" content=\"https:\/\/lamardeflors.com\/wp-content\/uploads\/2023\/07\/cajaestiloclasico.jpg\" \/>\n\t<meta property=\"og:image:width\" content=\"640\" \/>\n\t<meta property=\"og:image:height\" content=\"960\" \/>\n\t<meta property=\"og:image:type\" content=\"image\/jpeg\" \/>\n<meta name=\"twitter:card\" content=\"summary_large_image\" \/>\n<meta name=\"twitter:label1\" content=\"Gesch\u00e4tzte Lesezeit\" \/>\n\t<meta name=\"twitter:data1\" content=\"1\u00a0Minute\" \/>\n<script type=\"application\/ld+json\" class=\"yoast-schema-graph\">{\"@context\":\"https:\/\/schema.org\",\"@graph\":[{\"@type\":\"WebPage\",\"@id\":\"https:\/\/lamardeflors.com\/de\/Produkt\/box-im-klassischen-stil\/\",\"url\":\"https:\/\/lamardeflors.com\/de\/Produkt\/box-im-klassischen-stil\/\",\"name\":\"Box im klassischen Stil - La Mar de Flors\",\"isPartOf\":{\"@id\":\"https:\/\/lamardeflors.com\/#website\"},\"primaryImageOfPage\":{\"@id\":\"https:\/\/lamardeflors.com\/de\/Produkt\/box-im-klassischen-stil\/#primaryimage\"},\"image\":{\"@id\":\"https:\/\/lamardeflors.com\/de\/Produkt\/box-im-klassischen-stil\/#primaryimage\"},\"thumbnailUrl\":\"https:\/\/lamardeflors.com\/wp-content\/uploads\/2023\/07\/Cajaclasica.jpg\",\"datePublished\":\"2023-07-27T11:32:03+00:00\",\"dateModified\":\"2024-01-24T14:23:34+00:00\",\"breadcrumb\":{\"@id\":\"https:\/\/lamardeflors.com\/de\/Produkt\/box-im-klassischen-stil\/#breadcrumb\"},\"inLanguage\":\"de\",\"potentialAction\":[{\"@type\":\"ReadAction\",\"target\":[\"https:\/\/lamardeflors.com\/de\/Produkt\/box-im-klassischen-stil\/\"]}]},{\"@type\":\"ImageObject\",\"inLanguage\":\"de\",\"@id\":\"https:\/\/lamardeflors.com\/de\/Produkt\/box-im-klassischen-stil\/#primaryimage\",\"url\":\"https:\/\/lamardeflors.com\/wp-content\/uploads\/2023\/07\/Cajaclasica.jpg\",\"contentUrl\":\"https:\/\/lamardeflors.com\/wp-content\/uploads\/2023\/07\/Cajaclasica.jpg\",\"width\":640,\"height\":960},{\"@type\":\"BreadcrumbList\",\"@id\":\"https:\/\/lamardeflors.com\/de\/Produkt\/box-im-klassischen-stil\/#breadcrumb\",\"itemListElement\":[{\"@type\":\"ListItem\",\"position\":1,\"name\":\"Portada\",\"item\":\"https:\/\/lamardeflors.com\/\"},{\"@type\":\"ListItem\",\"position\":2,\"name\":\"Shop\",\"item\":\"https:\/\/lamardeflors.com\/de\/online-store\/\"},{\"@type\":\"ListItem\",\"position\":3,\"name\":\"Box im klassischen Stil\"}]},{\"@type\":\"WebSite\",\"@id\":\"https:\/\/lamardeflors.com\/#website\",\"url\":\"https:\/\/lamardeflors.com\/\",\"name\":\"La Mar de Flors\",\"description\":\"Florister\u00eda en S\u00f3ller\",\"publisher\":{\"@id\":\"https:\/\/lamardeflors.com\/#organization\"},\"potentialAction\":[{\"@type\":\"SearchAction\",\"target\":{\"@type\":\"EntryPoint\",\"urlTemplate\":\"https:\/\/lamardeflors.com\/?s={search_term_string}\"},\"query-input\":{\"@type\":\"PropertyValueSpecification\",\"valueRequired\":true,\"valueName\":\"search_term_string\"}}],\"inLanguage\":\"de\"},{\"@type\":\"Organization\",\"@id\":\"https:\/\/lamardeflors.com\/#organization\",\"name\":\"La Mar de Flors\",\"url\":\"https:\/\/lamardeflors.com\/\",\"logo\":{\"@type\":\"ImageObject\",\"inLanguage\":\"de\",\"@id\":\"https:\/\/lamardeflors.com\/#\/schema\/logo\/image\/\",\"url\":\"https:\/\/lamardeflors.com\/wp-content\/uploads\/2023\/05\/logo-sin-fondo-blanco.png\",\"contentUrl\":\"https:\/\/lamardeflors.com\/wp-content\/uploads\/2023\/05\/logo-sin-fondo-blanco.png\",\"width\":1070,\"height\":741,\"caption\":\"La Mar de Flors\"},\"image\":{\"@id\":\"https:\/\/lamardeflors.com\/#\/schema\/logo\/image\/\"}}]}<\/script>\n<!-- \/ Yoast SEO plugin. -->","yoast_head_json":{"title":"Box im klassischen Stil - La Mar de Flors","robots":{"index":"index","follow":"follow","max-snippet":"max-snippet:-1","max-image-preview":"max-image-preview:large","max-video-preview":"max-video-preview:-1"},"canonical":"https:\/\/lamardeflors.com\/de\/Produkt\/box-im-klassischen-stil\/","og_locale":"de_DE","og_type":"article","og_title":"Box im klassischen Stil - La Mar de Flors","og_description":"\u00dcberraschen Sie mit einem eleganten Arrangement in einer edlen Box. Dieses Geschenk verbindet die Raffinesse und Harmonie eines klassischen Blumenarrangements mit der makellosen Pr\u00e4sentation einer Box. Jede Blume in ihrer markanten Farbe und Form sorgt f\u00fcr einen Hauch von Sch\u00f6nheit und Vornehmheit des Arrangements. Die Box, mit ihrer eleganten Verarbeitung und akribischen Details, unterstreicht die [&hellip;]","og_url":"https:\/\/lamardeflors.com\/de\/Produkt\/box-im-klassischen-stil\/","og_site_name":"La Mar de Flors","article_modified_time":"2024-01-24T14:23:34+00:00","og_image":[{"width":640,"height":960,"url":"https:\/\/lamardeflors.com\/wp-content\/uploads\/2023\/07\/cajaestiloclasico.jpg","type":"image\/jpeg"}],"twitter_card":"summary_large_image","twitter_misc":{"Gesch\u00e4tzte Lesezeit":"1\u00a0Minute"},"schema":{"@context":"https:\/\/schema.org","@graph":[{"@type":"WebPage","@id":"https:\/\/lamardeflors.com\/de\/Produkt\/box-im-klassischen-stil\/","url":"https:\/\/lamardeflors.com\/de\/Produkt\/box-im-klassischen-stil\/","name":"Box im klassischen Stil - La Mar de Flors","isPartOf":{"@id":"https:\/\/lamardeflors.com\/#website"},"primaryImageOfPage":{"@id":"https:\/\/lamardeflors.com\/de\/Produkt\/box-im-klassischen-stil\/#primaryimage"},"image":{"@id":"https:\/\/lamardeflors.com\/de\/Produkt\/box-im-klassischen-stil\/#primaryimage"},"thumbnailUrl":"https:\/\/lamardeflors.com\/wp-content\/uploads\/2023\/07\/Cajaclasica.jpg","datePublished":"2023-07-27T11:32:03+00:00","dateModified":"2024-01-24T14:23:34+00:00","breadcrumb":{"@id":"https:\/\/lamardeflors.com\/de\/Produkt\/box-im-klassischen-stil\/#breadcrumb"},"inLanguage":"de","potentialAction":[{"@type":"ReadAction","target":["https:\/\/lamardeflors.com\/de\/Produkt\/box-im-klassischen-stil\/"]}]},{"@type":"ImageObject","inLanguage":"de","@id":"https:\/\/lamardeflors.com\/de\/Produkt\/box-im-klassischen-stil\/#primaryimage","url":"https:\/\/lamardeflors.com\/wp-content\/uploads\/2023\/07\/Cajaclasica.jpg","contentUrl":"https:\/\/lamardeflors.com\/wp-content\/uploads\/2023\/07\/Cajaclasica.jpg","width":640,"height":960},{"@type":"BreadcrumbList","@id":"https:\/\/lamardeflors.com\/de\/Produkt\/box-im-klassischen-stil\/#breadcrumb","itemListElement":[{"@type":"ListItem","position":1,"name":"Portada","item":"https:\/\/lamardeflors.com\/"},{"@type":"ListItem","position":2,"name":"Shop","item":"https:\/\/lamardeflors.com\/de\/online-store\/"},{"@type":"ListItem","position":3,"name":"Box im klassischen Stil"}]},{"@type":"WebSite","@id":"https:\/\/lamardeflors.com\/#website","url":"https:\/\/lamardeflors.com\/","name":"La Mar de Flors","description":"Florister\u00eda en S\u00f3ller","publisher":{"@id":"https:\/\/lamardeflors.com\/#organization"},"potentialAction":[{"@type":"SearchAction","target":{"@type":"EntryPoint","urlTemplate":"https:\/\/lamardeflors.com\/?s={search_term_string}"},"query-input":{"@type":"PropertyValueSpecification","valueRequired":true,"valueName":"search_term_string"}}],"inLanguage":"de"},{"@type":"Organization","@id":"https:\/\/lamardeflors.com\/#organization","name":"La Mar de Flors","url":"https:\/\/lamardeflors.com\/","logo":{"@type":"ImageObject","inLanguage":"de","@id":"https:\/\/lamardeflors.com\/#\/schema\/logo\/image\/","url":"https:\/\/lamardeflors.com\/wp-content\/uploads\/2023\/05\/logo-sin-fondo-blanco.png","contentUrl":"https:\/\/lamardeflors.com\/wp-content\/uploads\/2023\/05\/logo-sin-fondo-blanco.png","width":1070,"height":741,"caption":"La Mar de Flors"},"image":{"@id":"https:\/\/lamardeflors.com\/#\/schema\/logo\/image\/"}}]}},"_links":{"self":[{"href":"https:\/\/lamardeflors.com\/de\/wp-json\/wp\/v2\/product\/3555","targetHints":{"allow":["GET"]}}],"collection":[{"href":"https:\/\/lamardeflors.com\/de\/wp-json\/wp\/v2\/product"}],"about":[{"href":"https:\/\/lamardeflors.com\/de\/wp-json\/wp\/v2\/types\/product"}],"version-history":[{"count":0,"href":"https:\/\/lamardeflors.com\/de\/wp-json\/wp\/v2\/product\/3555\/revisions"}],"wp:featuredmedia":[{"embeddable":true,"href":"https:\/\/lamardeflors.com\/de\/wp-json\/wp\/v2\/media\/3940"}],"wp:attachment":[{"href":"https:\/\/lamardeflors.com\/de\/wp-json\/wp\/v2\/media?parent=3555"}],"wp:term":[{"taxonomy":"product_brand","embeddable":true,"href":"https:\/\/lamardeflors.com\/de\/wp-json\/wp\/v2\/product_brand?post=3555"},{"taxonomy":"product_cat","embeddable":true,"href":"https:\/\/lamardeflors.com\/de\/wp-json\/wp\/v2\/product_cat?post=3555"},{"taxonomy":"product_tag","embeddable":true,"href":"https:\/\/lamardeflors.com\/de\/wp-json\/wp\/v2\/product_tag?post=3555"}],"curies":[{"name":"wp","href":"https:\/\/api.w.org\/{rel}","templated":true}]}}