{"id":3544,"date":"2023-07-27T13:23:05","date_gmt":"2023-07-27T11:23:05","guid":{"rendered":"https:\/\/lamardeflors.com\/producto\/ramo-de-margaritas\/"},"modified":"2024-01-24T16:26:09","modified_gmt":"2024-01-24T14:26:09","slug":"blumenstrauss-aus-margeriten","status":"publish","type":"product","link":"https:\/\/lamardeflors.com\/de\/Produkt\/blumenstrauss-aus-margeriten\/","title":{"rendered":"Blumenstrau\u00df aus Margeriten"},"content":{"rendered":"<p>Entdecken Sie Reinheit und Zartheit von ihrer sch\u00f6nsten Seite mit unserem atemberaubenden Strau\u00df wei\u00dfer Margeriten. Jedes Bl\u00fctenblatt funkelt vor Eleganz, vermittelt ein Gef\u00fchl von Frieden und Frische. Ein Symbol der Unschuld und reinen Liebe,das jeden Raum erhellt und und Ihren Lieben Freude schenkt. Ideal als Geschenk zu besonderen Anl\u00e4ssen oder einfach, um mit einem Hauch von Glanz Ihr Zuhause zu versch\u00f6nern. Lassen Sie sich Sie sich von der \u00e4therischen Sch\u00f6nheit der wei\u00dfen Margeriten bezaubern und entdecken Sie, wie sie jeden Ort in einen traumhaften Garten verwandeln.<\/p>\n","protected":false},"excerpt":{"rendered":"<p>Entdecken Sie Reinheit und Zartheit von ihrer sch\u00f6nsten Seite mit unserem atemberaubenden Strau\u00df wei\u00dfer Margeriten. Jedes Bl\u00fctenblatt funkelt vor Eleganz, vermittelt ein Gef\u00fchl von Frieden und Frische. Ein Symbol der Unschuld und reinen Liebe,das jeden Raum erhellt und und Ihren Lieben Freude schenkt. Ideal als Geschenk zu besonderen Anl\u00e4ssen oder einfach, um mit einem Hauch [&hellip;]<\/p>\n","protected":false},"featured_media":4056,"template":"","meta":[],"product_brand":[],"product_cat":[95],"product_tag":[],"class_list":{"0":"post-3544","1":"product","2":"type-product","3":"status-publish","4":"has-post-thumbnail","6":"product_cat-bouquets","8":"first","9":"instock","10":"featured","11":"shipping-taxable","12":"purchasable","13":"product-type-variable"},"yoast_head":"<!-- This site is optimized with the Yoast SEO plugin v27.2 - https:\/\/yoast.com\/product\/yoast-seo-wordpress\/ -->\n<title>Blumenstrau\u00df aus Margeriten - La Mar de Flors<\/title>\n<meta name=\"robots\" content=\"index, follow, max-snippet:-1, max-image-preview:large, max-video-preview:-1\" \/>\n<link rel=\"canonical\" href=\"https:\/\/lamardeflors.com\/de\/Produkt\/blumenstrauss-aus-margeriten\/\" \/>\n<meta property=\"og:locale\" content=\"de_DE\" \/>\n<meta property=\"og:type\" content=\"article\" \/>\n<meta property=\"og:title\" content=\"Blumenstrau\u00df aus Margeriten - La Mar de Flors\" \/>\n<meta property=\"og:description\" content=\"Entdecken Sie Reinheit und Zartheit von ihrer sch\u00f6nsten Seite mit unserem atemberaubenden Strau\u00df wei\u00dfer Margeriten. Jedes Bl\u00fctenblatt funkelt vor Eleganz, vermittelt ein Gef\u00fchl von Frieden und Frische. Ein Symbol der Unschuld und reinen Liebe,das jeden Raum erhellt und und Ihren Lieben Freude schenkt. Ideal als Geschenk zu besonderen Anl\u00e4ssen oder einfach, um mit einem Hauch [&hellip;]\" \/>\n<meta property=\"og:url\" content=\"https:\/\/lamardeflors.com\/de\/Produkt\/blumenstrauss-aus-margeriten\/\" \/>\n<meta property=\"og:site_name\" content=\"La Mar de Flors\" \/>\n<meta property=\"article:modified_time\" content=\"2024-01-24T14:26:09+00:00\" \/>\n<meta property=\"og:image\" content=\"https:\/\/lamardeflors.com\/wp-content\/uploads\/2023\/07\/ramo-margaritas.jpg\" \/>\n\t<meta property=\"og:image:width\" content=\"640\" \/>\n\t<meta property=\"og:image:height\" content=\"960\" \/>\n\t<meta property=\"og:image:type\" content=\"image\/jpeg\" \/>\n<meta name=\"twitter:card\" content=\"summary_large_image\" \/>\n<meta name=\"twitter:label1\" content=\"Gesch\u00e4tzte Lesezeit\" \/>\n\t<meta name=\"twitter:data1\" content=\"1\u00a0Minute\" \/>\n<script type=\"application\/ld+json\" class=\"yoast-schema-graph\">{\"@context\":\"https:\/\/schema.org\",\"@graph\":[{\"@type\":\"WebPage\",\"@id\":\"https:\/\/lamardeflors.com\/de\/Produkt\/blumenstrauss-aus-margeriten\/\",\"url\":\"https:\/\/lamardeflors.com\/de\/Produkt\/blumenstrauss-aus-margeriten\/\",\"name\":\"Blumenstrau\u00df aus Margeriten - La Mar de Flors\",\"isPartOf\":{\"@id\":\"https:\/\/lamardeflors.com\/#website\"},\"primaryImageOfPage\":{\"@id\":\"https:\/\/lamardeflors.com\/de\/Produkt\/blumenstrauss-aus-margeriten\/#primaryimage\"},\"image\":{\"@id\":\"https:\/\/lamardeflors.com\/de\/Produkt\/blumenstrauss-aus-margeriten\/#primaryimage\"},\"thumbnailUrl\":\"https:\/\/lamardeflors.com\/wp-content\/uploads\/2023\/07\/Ramomargaritas.jpg\",\"datePublished\":\"2023-07-27T11:23:05+00:00\",\"dateModified\":\"2024-01-24T14:26:09+00:00\",\"breadcrumb\":{\"@id\":\"https:\/\/lamardeflors.com\/de\/Produkt\/blumenstrauss-aus-margeriten\/#breadcrumb\"},\"inLanguage\":\"de\",\"potentialAction\":[{\"@type\":\"ReadAction\",\"target\":[\"https:\/\/lamardeflors.com\/de\/Produkt\/blumenstrauss-aus-margeriten\/\"]}]},{\"@type\":\"ImageObject\",\"inLanguage\":\"de\",\"@id\":\"https:\/\/lamardeflors.com\/de\/Produkt\/blumenstrauss-aus-margeriten\/#primaryimage\",\"url\":\"https:\/\/lamardeflors.com\/wp-content\/uploads\/2023\/07\/Ramomargaritas.jpg\",\"contentUrl\":\"https:\/\/lamardeflors.com\/wp-content\/uploads\/2023\/07\/Ramomargaritas.jpg\",\"width\":640,\"height\":960},{\"@type\":\"BreadcrumbList\",\"@id\":\"https:\/\/lamardeflors.com\/de\/Produkt\/blumenstrauss-aus-margeriten\/#breadcrumb\",\"itemListElement\":[{\"@type\":\"ListItem\",\"position\":1,\"name\":\"Portada\",\"item\":\"https:\/\/lamardeflors.com\/\"},{\"@type\":\"ListItem\",\"position\":2,\"name\":\"Shop\",\"item\":\"https:\/\/lamardeflors.com\/de\/online-store\/\"},{\"@type\":\"ListItem\",\"position\":3,\"name\":\"Blumenstrau\u00df aus Margeriten\"}]},{\"@type\":\"WebSite\",\"@id\":\"https:\/\/lamardeflors.com\/#website\",\"url\":\"https:\/\/lamardeflors.com\/\",\"name\":\"La Mar de Flors\",\"description\":\"Florister\u00eda en S\u00f3ller\",\"publisher\":{\"@id\":\"https:\/\/lamardeflors.com\/#organization\"},\"potentialAction\":[{\"@type\":\"SearchAction\",\"target\":{\"@type\":\"EntryPoint\",\"urlTemplate\":\"https:\/\/lamardeflors.com\/?s={search_term_string}\"},\"query-input\":{\"@type\":\"PropertyValueSpecification\",\"valueRequired\":true,\"valueName\":\"search_term_string\"}}],\"inLanguage\":\"de\"},{\"@type\":\"Organization\",\"@id\":\"https:\/\/lamardeflors.com\/#organization\",\"name\":\"La Mar de Flors\",\"url\":\"https:\/\/lamardeflors.com\/\",\"logo\":{\"@type\":\"ImageObject\",\"inLanguage\":\"de\",\"@id\":\"https:\/\/lamardeflors.com\/#\/schema\/logo\/image\/\",\"url\":\"https:\/\/lamardeflors.com\/wp-content\/uploads\/2023\/05\/logo-sin-fondo-blanco.png\",\"contentUrl\":\"https:\/\/lamardeflors.com\/wp-content\/uploads\/2023\/05\/logo-sin-fondo-blanco.png\",\"width\":1070,\"height\":741,\"caption\":\"La Mar de Flors\"},\"image\":{\"@id\":\"https:\/\/lamardeflors.com\/#\/schema\/logo\/image\/\"}}]}<\/script>\n<!-- \/ Yoast SEO plugin. -->","yoast_head_json":{"title":"Blumenstrau\u00df aus Margeriten - La Mar de Flors","robots":{"index":"index","follow":"follow","max-snippet":"max-snippet:-1","max-image-preview":"max-image-preview:large","max-video-preview":"max-video-preview:-1"},"canonical":"https:\/\/lamardeflors.com\/de\/Produkt\/blumenstrauss-aus-margeriten\/","og_locale":"de_DE","og_type":"article","og_title":"Blumenstrau\u00df aus Margeriten - La Mar de Flors","og_description":"Entdecken Sie Reinheit und Zartheit von ihrer sch\u00f6nsten Seite mit unserem atemberaubenden Strau\u00df wei\u00dfer Margeriten. Jedes Bl\u00fctenblatt funkelt vor Eleganz, vermittelt ein Gef\u00fchl von Frieden und Frische. Ein Symbol der Unschuld und reinen Liebe,das jeden Raum erhellt und und Ihren Lieben Freude schenkt. Ideal als Geschenk zu besonderen Anl\u00e4ssen oder einfach, um mit einem Hauch [&hellip;]","og_url":"https:\/\/lamardeflors.com\/de\/Produkt\/blumenstrauss-aus-margeriten\/","og_site_name":"La Mar de Flors","article_modified_time":"2024-01-24T14:26:09+00:00","og_image":[{"width":640,"height":960,"url":"https:\/\/lamardeflors.com\/wp-content\/uploads\/2023\/07\/ramo-margaritas.jpg","type":"image\/jpeg"}],"twitter_card":"summary_large_image","twitter_misc":{"Gesch\u00e4tzte Lesezeit":"1\u00a0Minute"},"schema":{"@context":"https:\/\/schema.org","@graph":[{"@type":"WebPage","@id":"https:\/\/lamardeflors.com\/de\/Produkt\/blumenstrauss-aus-margeriten\/","url":"https:\/\/lamardeflors.com\/de\/Produkt\/blumenstrauss-aus-margeriten\/","name":"Blumenstrau\u00df aus Margeriten - La Mar de Flors","isPartOf":{"@id":"https:\/\/lamardeflors.com\/#website"},"primaryImageOfPage":{"@id":"https:\/\/lamardeflors.com\/de\/Produkt\/blumenstrauss-aus-margeriten\/#primaryimage"},"image":{"@id":"https:\/\/lamardeflors.com\/de\/Produkt\/blumenstrauss-aus-margeriten\/#primaryimage"},"thumbnailUrl":"https:\/\/lamardeflors.com\/wp-content\/uploads\/2023\/07\/Ramomargaritas.jpg","datePublished":"2023-07-27T11:23:05+00:00","dateModified":"2024-01-24T14:26:09+00:00","breadcrumb":{"@id":"https:\/\/lamardeflors.com\/de\/Produkt\/blumenstrauss-aus-margeriten\/#breadcrumb"},"inLanguage":"de","potentialAction":[{"@type":"ReadAction","target":["https:\/\/lamardeflors.com\/de\/Produkt\/blumenstrauss-aus-margeriten\/"]}]},{"@type":"ImageObject","inLanguage":"de","@id":"https:\/\/lamardeflors.com\/de\/Produkt\/blumenstrauss-aus-margeriten\/#primaryimage","url":"https:\/\/lamardeflors.com\/wp-content\/uploads\/2023\/07\/Ramomargaritas.jpg","contentUrl":"https:\/\/lamardeflors.com\/wp-content\/uploads\/2023\/07\/Ramomargaritas.jpg","width":640,"height":960},{"@type":"BreadcrumbList","@id":"https:\/\/lamardeflors.com\/de\/Produkt\/blumenstrauss-aus-margeriten\/#breadcrumb","itemListElement":[{"@type":"ListItem","position":1,"name":"Portada","item":"https:\/\/lamardeflors.com\/"},{"@type":"ListItem","position":2,"name":"Shop","item":"https:\/\/lamardeflors.com\/de\/online-store\/"},{"@type":"ListItem","position":3,"name":"Blumenstrau\u00df aus Margeriten"}]},{"@type":"WebSite","@id":"https:\/\/lamardeflors.com\/#website","url":"https:\/\/lamardeflors.com\/","name":"La Mar de Flors","description":"Florister\u00eda en S\u00f3ller","publisher":{"@id":"https:\/\/lamardeflors.com\/#organization"},"potentialAction":[{"@type":"SearchAction","target":{"@type":"EntryPoint","urlTemplate":"https:\/\/lamardeflors.com\/?s={search_term_string}"},"query-input":{"@type":"PropertyValueSpecification","valueRequired":true,"valueName":"search_term_string"}}],"inLanguage":"de"},{"@type":"Organization","@id":"https:\/\/lamardeflors.com\/#organization","name":"La Mar de Flors","url":"https:\/\/lamardeflors.com\/","logo":{"@type":"ImageObject","inLanguage":"de","@id":"https:\/\/lamardeflors.com\/#\/schema\/logo\/image\/","url":"https:\/\/lamardeflors.com\/wp-content\/uploads\/2023\/05\/logo-sin-fondo-blanco.png","contentUrl":"https:\/\/lamardeflors.com\/wp-content\/uploads\/2023\/05\/logo-sin-fondo-blanco.png","width":1070,"height":741,"caption":"La Mar de Flors"},"image":{"@id":"https:\/\/lamardeflors.com\/#\/schema\/logo\/image\/"}}]}},"_links":{"self":[{"href":"https:\/\/lamardeflors.com\/de\/wp-json\/wp\/v2\/product\/3544","targetHints":{"allow":["GET"]}}],"collection":[{"href":"https:\/\/lamardeflors.com\/de\/wp-json\/wp\/v2\/product"}],"about":[{"href":"https:\/\/lamardeflors.com\/de\/wp-json\/wp\/v2\/types\/product"}],"version-history":[{"count":0,"href":"https:\/\/lamardeflors.com\/de\/wp-json\/wp\/v2\/product\/3544\/revisions"}],"wp:featuredmedia":[{"embeddable":true,"href":"https:\/\/lamardeflors.com\/de\/wp-json\/wp\/v2\/media\/4056"}],"wp:attachment":[{"href":"https:\/\/lamardeflors.com\/de\/wp-json\/wp\/v2\/media?parent=3544"}],"wp:term":[{"taxonomy":"product_brand","embeddable":true,"href":"https:\/\/lamardeflors.com\/de\/wp-json\/wp\/v2\/product_brand?post=3544"},{"taxonomy":"product_cat","embeddable":true,"href":"https:\/\/lamardeflors.com\/de\/wp-json\/wp\/v2\/product_cat?post=3544"},{"taxonomy":"product_tag","embeddable":true,"href":"https:\/\/lamardeflors.com\/de\/wp-json\/wp\/v2\/product_tag?post=3544"}],"curies":[{"name":"wp","href":"https:\/\/api.w.org\/{rel}","templated":true}]}}