{"id":4105,"date":"2023-09-18T14:16:45","date_gmt":"2023-09-18T12:16:45","guid":{"rendered":"https:\/\/lamardeflors.com\/aviso-legal\/"},"modified":"2024-05-08T09:24:46","modified_gmt":"2024-05-08T07:24:46","slug":"rechtliche-hinweise","status":"publish","type":"page","link":"https:\/\/lamardeflors.com\/de\/rechtliche-hinweise\/","title":{"rendered":"Rechtliche Hinweise"},"content":{"rendered":"\t\t<div data-elementor-type=\"wp-page\" data-elementor-id=\"4105\" class=\"elementor elementor-4105 elementor-2791\" data-elementor-post-type=\"page\">\n\t\t\t\t\t\t<section class=\"elementor-section elementor-top-section elementor-element elementor-element-21aa770 elementor-section-full_width elementor-section-height-min-height elementor-section-items-bottom elementor-section-height-default\" data-id=\"21aa770\" data-element_type=\"section\" data-e-type=\"section\" data-settings=\"{&quot;background_background&quot;:&quot;classic&quot;}\">\n\t\t\t\t\t\t\t<div class=\"elementor-background-overlay\"><\/div>\n\t\t\t\t\t\t\t<div class=\"elementor-container elementor-column-gap-default\">\n\t\t\t\t\t<div class=\"elementor-column elementor-col-100 elementor-top-column elementor-element elementor-element-ac0ff74\" data-id=\"ac0ff74\" data-element_type=\"column\" data-e-type=\"column\">\n\t\t\t<div class=\"elementor-widget-wrap elementor-element-populated\">\n\t\t\t\t\t\t<div class=\"elementor-element elementor-element-f0e9a4f elementor-widget elementor-widget-heading\" data-id=\"f0e9a4f\" data-element_type=\"widget\" data-e-type=\"widget\" data-widget_type=\"heading.default\">\n\t\t\t\t<div class=\"elementor-widget-container\">\n\t\t\t\t\t<h1 class=\"elementor-heading-title elementor-size-default\">LA MAR DE FLORS<\/h1>\t\t\t\t<\/div>\n\t\t\t\t<\/div>\n\t\t\t\t<div class=\"elementor-element elementor-element-fd204f4 elementor-widget elementor-widget-heading\" data-id=\"fd204f4\" data-element_type=\"widget\" data-e-type=\"widget\" data-widget_type=\"heading.default\">\n\t\t\t\t<div class=\"elementor-widget-container\">\n\t\t\t\t\t<h2 class=\"elementor-heading-title elementor-size-default\">Rechtliche Hinweise<\/h2>\t\t\t\t<\/div>\n\t\t\t\t<\/div>\n\t\t\t\t<div class=\"elementor-element elementor-element-60452cd elementor-widget elementor-widget-spacer\" data-id=\"60452cd\" data-element_type=\"widget\" data-e-type=\"widget\" data-widget_type=\"spacer.default\">\n\t\t\t\t<div class=\"elementor-widget-container\">\n\t\t\t\t\t\t\t<div class=\"elementor-spacer\">\n\t\t\t<div class=\"elementor-spacer-inner\"><\/div>\n\t\t<\/div>\n\t\t\t\t\t\t<\/div>\n\t\t\t\t<\/div>\n\t\t\t\t\t<\/div>\n\t\t<\/div>\n\t\t\t\t\t<\/div>\n\t\t<\/section>\n\t\t<div class=\"elementor-element elementor-element-b0a8eb3 e-con-full e-flex e-con e-parent\" data-id=\"b0a8eb3\" data-element_type=\"container\" data-e-type=\"container\" data-settings=\"{&quot;background_background&quot;:&quot;classic&quot;}\">\n\t\t<div class=\"elementor-element elementor-element-077b50c e-con-full e-flex e-con e-child\" data-id=\"077b50c\" data-element_type=\"container\" data-e-type=\"container\">\n\t\t\t\t<div class=\"elementor-element elementor-element-84f89e2 elementor-widget elementor-widget-text-editor\" data-id=\"84f89e2\" data-element_type=\"widget\" data-e-type=\"widget\" data-widget_type=\"text-editor.default\">\n\t\t\t\t<div class=\"elementor-widget-container\">\n\t\t\t\t\t\t\t\t\t<p>Gem\u00e4\u00df den Bestimmungen der Artikel 10 und 11 im Gesetz 34\/2002 vom 11. Juli \u00fcber Dienstleistungen der Informationsgesellschaft und des elektronischen Gesch\u00e4ftsverkehrs werden hiermit den Benutzern und Besuchern die rechtlichen Hinweise bez\u00fcglich des Inhabers der Website mit der URL www.lamardeflors.com zur Kenntnis gebracht.<\/p><p><strong>Inhaber der website<\/strong><\/p><p>Bezeichnung der Gesellschaft: CLARA ADROVER CALATAYUD<\/p><p>Steueridentnummer (CIF): 43221007M<\/p><p>Gesellschaftssitz: PLA\u00c7A MERCAT N\u00ba2 PTA 2 07100 SOLLER, BALEARES<\/p><p>E-Mail-Adresse: clara@lamardeflors.com<\/p><p>Telefon: 683655703<\/p><p>\u00a0<\/p><p><strong>Nutzungsbedingungen<\/strong><\/p><p>Um auf dieser Website als Besucher zu surfen oder um sich zu registrieren und auf die von www.lamardeflors. com angebotenen Dienste zuzugreifen, m\u00fcssen Sie Ihre Zustimmung zu den folgenden Dienstleistungs- und Nutzungsbedingungen f\u00fcr erteilen:<\/p><ol><li>Der Benutzer erkennt die vorliegenden allgemeinen Nutzungs- und Servicebedingungen der Website www. lamardeflors.com an.<\/li><\/ol><p>Wenn der Benutzer diese Bedingungen nicht akzeptiert, darf er die Dienste und Inhalte der Website www. lamardeflors.com nicht nutzen.<\/p><ol><li>Die vorliegenden Nutzungsbedingungen regeln den Zugang und die Nutzung der Website www.lamardeflors. com. Durch die Nutzung dieser Website werden Sie von dem Moment an, in dem Sie auf die Website zugreifen und sie durchsuchen, zu einem Benutzer. Ab dem Zeitpunkt des Zugriffs auf beliebige Inhalte akzeptiert der Benutzer ausdr\u00fccklich die vorliegenden allgemeinen Bedingungen. Der Benutzer akzeptiert die besonderen Bedingungen, die f\u00fcr die verschiedenen, vom Unternehmen auf der von ihm besuchten Website angebotenen Dienste gelten.<\/li><\/ol><p>\u00a0<\/p><ol><li>Die Website www.lamardeflors.com erm\u00f6glicht den Benutzern den Zugang zu und die Nutzung von verschiedenen Informationen und Dienstleistungen.<\/li><li>Der Benutzer muss vollj\u00e4hrig sein, um die Dienste der Website www.lamardeflors.com nutzen zu k\u00f6nnen. Minderj\u00e4hrige unter 18 Jahren d\u00fcrfen die Dienste der Website www.lamardeflors.com nur unter der Aufsicht eines Elternteils oder Erziehungsberechtigten nutzen.<\/li><li>Der Benutzer verpflichtet sich, die Inhalte und Dienste der Website www.lamardeflors.com angemessen zu nutzen. Diese Nutzung muss in \u00dcbereinstimmung mit dem Gesetz, den guten Sitten, der \u00f6ffentlichen Ordnung und den Bestimmungen dieser allgemeinen Bedingungen erfolgen.<\/li><li>Die Bereitstellung von Diensten und der Zugang zu Informationen auf der Website erfordern im Allgemeinen keine vorherige Anmeldung oder Registrierung durch den Benutzer. Allerdings macht CLARA ADROVER CALATAYUD die Nutzung einiger der auf der Website angebotenen Dienste davon abh\u00e4ngig, dass der Benutzer zuvor das entsprechende Formular zur Registrierung oder Erfassung pers\u00f6nlicher Daten ausf\u00fcllt. Die vorgenannte Registrierung erfolgt auf die Art und Weise, die in dem Dienst selbst oder in den besonderen Bedingungen, die diesen gegebenenfalls regeln, ausdr\u00fccklich angegeben ist.<\/li><li>Der Benutzer verpflichtet sich, keine Handlungen vorzunehmen, die den Inhalt, die Dienste und\/oder die normale Nutzung der Website www.lamardeflors.com durch andere Benutzer besch\u00e4digen, unbrauchbar machen, unzug\u00e4nglich machen oder verschlechtern k\u00f6nnen. Der Benutzer verpflichtet sich insbesondere und beispielhaft, aber nicht ausschlie\u00dflich:<\/li><\/ol><p>keine Handlungen vorzunehmen, die personenbezogene Daten, Programme oder elektronische Dokumente auf der Website beeintr\u00e4chtigen, zerst\u00f6ren, ver\u00e4ndern, unbrauchbar machen oder besch\u00e4digen k\u00f6nnen.<\/p><p>keine Computerprogramme, Daten, Viren oder Codes einzuf\u00fchren, zu speichern oder zu verbreiten, die der Website, einem der Dienste oder einem der Ger\u00e4te, Systeme oder Netzwerke des Unternehmens, eines anderen Benutzers und\/oder eines Lieferanten des Unternehmens Schaden zuf\u00fcgen k\u00f6nnen.<\/p><p><strong>\u00c4nderungen<\/strong><\/p><p>Das Unternehmen beh\u00e4lt sich das Recht vor, diese Bedingungen jederzeit einseitig aufgrund neuer wirtschaftlicher und\/oder kommerzieller Umst\u00e4nde, die eine \u00c4nderung ratsam erscheinen lassen, zu \u00e4ndern oder wenn sich diese infolge einer Modifikation, Weiterentwicklung und Verk\u00fcndung von Gesetzen, Vorschriften und Anwendungsregeln, welche sich auf die Bereitstellung der Dienstleistung und\/oder damit verbundene Aspekte auswirken, ergeben. In diesen F\u00e4llen wird die \u00c4nderung so fr\u00fch wie m\u00f6glich ver\u00f6ffentlicht und mitgeteilt. Das Unternehmen beh\u00e4lt sich ebenfalls das Recht vor, die Darstellung und Konfiguration der Website jederzeit einseitig zu \u00e4ndern.<\/p><p><strong>Links zu drittanbietern<\/strong><\/p><p>Dieser rechtliche Hinweis bezieht sich nur auf die Website und gilt nicht f\u00fcr Links oder Websites Dritter, die \u00fcber die Website zug\u00e4nglich sind. Das Unternehmen ist weder f\u00fcr den Inhalt einer der Ziel-Websites eines Links noch f\u00fcr einen Link verantwortlich, der auf einer Website enthalten ist, die von der Website des Unternehmens aus erreicht wird.<\/p><p><strong>Geistiges und gewerbliches eigentum<\/strong><\/p><p>Der gesamte Inhalt der Website ist ausschlie\u00dfliches Eigentum des Unternehmens, einschlie\u00dflich, aber nicht beschr\u00e4nkt auf das grafische Design, den Quellcode, Logos, Texte, Grafiken, Illustrationen, Fotos und andere Elemente, die auf der Website erscheinen. Ebenso sind die auf der Website enthaltenen Handelsnamen, Marken oder Kennzeichen jeglicher Art durch das Recht des geistigen und gewerblichen Eigentums gesch\u00fctzt. Das Unternehmen hat das ausschlie\u00dfliche Recht, das oben genannte geistige Eigentum in jeder Form zu verwerten, insbesondere das Recht auf Vervielf\u00e4ltigung, Verbreitung und \u00f6ffentliche Wiedergabe.<\/p><p>Dem Benutzer ist es untersagt, die Inhalte der Website, die das geistige oder gewerbliche Eigentum des Unternehmens an der Website und\/oder ihren Inhalten darstellen, ganz oder teilweise ohne Zustimmung zu nutzen.<\/p><p>Das Unternehmen beh\u00e4lt sich das Recht vor, rechtliche Schritte jeglicher Art gegen jeden Benutzer zu unternehmen, der Handlungen unternimmt, die eine Vervielf\u00e4ltigung, Verbreitung, Vermarktung, Umwandlung und im Allgemeinen jede andere Form der gewerblichen Nutzung der Inhalte der Website, ganz oder teilweise, durch beliebige Verfahren darstellen, die gegen seine geistigen und\/oder gewerblichen Eigentumsrechte versto\u00dfen.<\/p><p><strong>Mitteilungen<\/strong><\/p><p><strong>\u00a0<\/strong><\/p><p>Im Sinne dieser Allgemeinen Bedingungen ist f\u00fcr alle Mitteilungen, die zwischen dem Unternehmen und dem Benutzer erforderlich werden, die E-Mail-Adresse clara@lamardeflors.com zu verwenden. Die Kommunikation zwischen dem Unternehmen und dem Benutzer erfolgt im Einklang mit den personenbezogenen Daten, die der Benutzer bei der Registrierung auf der Website www.lamardeflors.com angegeben hat. Der Benutzer akzeptiert ausdr\u00fccklich f\u00fcr alle Mitteilungen im Zusammenhang mit der Nutzung der Website und\/oder der Inanspruchnahme der dort angebotenen Dienstleistungen die Verwendung von E-Mail als g\u00fcltiges Verfahren f\u00fcr den Versand solcher Mitteilungen.<\/p><p><strong>Geltende Gesetzgebung.<\/strong><\/p><p>Die Beziehungen zwischen dem Eigent\u00fcmer der Website und dem Nutzer unterliegen den geltenden spanischen Rechtsvorschriften, wobei die Beilegung etwaiger Streitigkeiten den zust\u00e4ndigen Gerichten unterliegt. Handelt es sich bei dem Nutzer um einen Verbraucher, so sind die entsprechenden Gerichte gem\u00e4\u00df dem geltenden Verbraucherrecht zust\u00e4ndig.<\/p>\t\t\t\t\t\t\t\t<\/div>\n\t\t\t\t<\/div>\n\t\t\t\t<\/div>\n\t\t\t\t<\/div>\n\t\t\t\t<\/div>\n\t\t","protected":false},"excerpt":{"rendered":"<p>LA MAR DE FLORS Rechtliche Hinweise Gem\u00e4\u00df den Bestimmungen der Artikel 10 und 11 im Gesetz 34\/2002 vom 11. Juli \u00fcber Dienstleistungen der Informationsgesellschaft und des elektronischen Gesch\u00e4ftsverkehrs werden hiermit den Benutzern und Besuchern die rechtlichen Hinweise bez\u00fcglich des Inhabers der Website mit der URL www.lamardeflors.com zur Kenntnis gebracht. Inhaber der website Bezeichnung der Gesellschaft: [&hellip;]<\/p>\n","protected":false},"author":1,"featured_media":0,"parent":0,"menu_order":0,"comment_status":"closed","ping_status":"closed","template":"elementor_header_footer","meta":{"footnotes":""},"class_list":["post-4105","page","type-page","status-publish","hentry"],"yoast_head":"<!-- This site is optimized with the Yoast SEO plugin v27.2 - https:\/\/yoast.com\/product\/yoast-seo-wordpress\/ -->\n<title>Aviso legal | Florister\u00eda en S\u00f3ller | LA MAR DE FLORS<\/title>\n<meta name=\"robots\" content=\"index, follow, max-snippet:-1, max-image-preview:large, max-video-preview:-1\" \/>\n<link rel=\"canonical\" href=\"https:\/\/lamardeflors.com\/de\/rechtliche-hinweise\/\" \/>\n<meta property=\"og:locale\" content=\"de_DE\" \/>\n<meta property=\"og:type\" content=\"article\" \/>\n<meta property=\"og:title\" content=\"Aviso legal | Florister\u00eda en S\u00f3ller | LA MAR DE FLORS\" \/>\n<meta property=\"og:description\" content=\"LA MAR DE FLORS Rechtliche Hinweise Gem\u00e4\u00df den Bestimmungen der Artikel 10 und 11 im Gesetz 34\/2002 vom 11. Juli \u00fcber Dienstleistungen der Informationsgesellschaft und des elektronischen Gesch\u00e4ftsverkehrs werden hiermit den Benutzern und Besuchern die rechtlichen Hinweise bez\u00fcglich des Inhabers der Website mit der URL www.lamardeflors.com zur Kenntnis gebracht. Inhaber der website Bezeichnung der Gesellschaft: [&hellip;]\" \/>\n<meta property=\"og:url\" content=\"https:\/\/lamardeflors.com\/de\/rechtliche-hinweise\/\" \/>\n<meta property=\"og:site_name\" content=\"La Mar de Flors\" \/>\n<meta property=\"article:modified_time\" content=\"2024-05-08T07:24:46+00:00\" \/>\n<meta name=\"twitter:card\" content=\"summary_large_image\" \/>\n<meta name=\"twitter:label1\" content=\"Gesch\u00e4tzte Lesezeit\" \/>\n\t<meta name=\"twitter:data1\" content=\"7\u00a0Minuten\" \/>\n<script type=\"application\/ld+json\" class=\"yoast-schema-graph\">{\"@context\":\"https:\/\/schema.org\",\"@graph\":[{\"@type\":\"WebPage\",\"@id\":\"https:\/\/lamardeflors.com\/de\/rechtliche-hinweise\/\",\"url\":\"https:\/\/lamardeflors.com\/de\/rechtliche-hinweise\/\",\"name\":\"Aviso legal | Florister\u00eda en S\u00f3ller | LA MAR DE FLORS\",\"isPartOf\":{\"@id\":\"https:\/\/lamardeflors.com\/#website\"},\"datePublished\":\"2023-09-18T12:16:45+00:00\",\"dateModified\":\"2024-05-08T07:24:46+00:00\",\"breadcrumb\":{\"@id\":\"https:\/\/lamardeflors.com\/de\/rechtliche-hinweise\/#breadcrumb\"},\"inLanguage\":\"de\",\"potentialAction\":[{\"@type\":\"ReadAction\",\"target\":[\"https:\/\/lamardeflors.com\/de\/rechtliche-hinweise\/\"]}]},{\"@type\":\"BreadcrumbList\",\"@id\":\"https:\/\/lamardeflors.com\/de\/rechtliche-hinweise\/#breadcrumb\",\"itemListElement\":[{\"@type\":\"ListItem\",\"position\":1,\"name\":\"Portada\",\"item\":\"https:\/\/lamardeflors.com\/\"},{\"@type\":\"ListItem\",\"position\":2,\"name\":\"Rechtliche Hinweise\"}]},{\"@type\":\"WebSite\",\"@id\":\"https:\/\/lamardeflors.com\/#website\",\"url\":\"https:\/\/lamardeflors.com\/\",\"name\":\"La Mar de Flors\",\"description\":\"Florister\u00eda en S\u00f3ller\",\"publisher\":{\"@id\":\"https:\/\/lamardeflors.com\/#organization\"},\"potentialAction\":[{\"@type\":\"SearchAction\",\"target\":{\"@type\":\"EntryPoint\",\"urlTemplate\":\"https:\/\/lamardeflors.com\/?s={search_term_string}\"},\"query-input\":{\"@type\":\"PropertyValueSpecification\",\"valueRequired\":true,\"valueName\":\"search_term_string\"}}],\"inLanguage\":\"de\"},{\"@type\":\"Organization\",\"@id\":\"https:\/\/lamardeflors.com\/#organization\",\"name\":\"La Mar de Flors\",\"url\":\"https:\/\/lamardeflors.com\/\",\"logo\":{\"@type\":\"ImageObject\",\"inLanguage\":\"de\",\"@id\":\"https:\/\/lamardeflors.com\/#\/schema\/logo\/image\/\",\"url\":\"https:\/\/lamardeflors.com\/wp-content\/uploads\/2023\/05\/logo-sin-fondo-blanco.png\",\"contentUrl\":\"https:\/\/lamardeflors.com\/wp-content\/uploads\/2023\/05\/logo-sin-fondo-blanco.png\",\"width\":1070,\"height\":741,\"caption\":\"La Mar de Flors\"},\"image\":{\"@id\":\"https:\/\/lamardeflors.com\/#\/schema\/logo\/image\/\"}}]}<\/script>\n<!-- \/ Yoast SEO plugin. -->","yoast_head_json":{"title":"Aviso legal | Florister\u00eda en S\u00f3ller | LA MAR DE FLORS","robots":{"index":"index","follow":"follow","max-snippet":"max-snippet:-1","max-image-preview":"max-image-preview:large","max-video-preview":"max-video-preview:-1"},"canonical":"https:\/\/lamardeflors.com\/de\/rechtliche-hinweise\/","og_locale":"de_DE","og_type":"article","og_title":"Aviso legal | Florister\u00eda en S\u00f3ller | LA MAR DE FLORS","og_description":"LA MAR DE FLORS Rechtliche Hinweise Gem\u00e4\u00df den Bestimmungen der Artikel 10 und 11 im Gesetz 34\/2002 vom 11. Juli \u00fcber Dienstleistungen der Informationsgesellschaft und des elektronischen Gesch\u00e4ftsverkehrs werden hiermit den Benutzern und Besuchern die rechtlichen Hinweise bez\u00fcglich des Inhabers der Website mit der URL www.lamardeflors.com zur Kenntnis gebracht. Inhaber der website Bezeichnung der Gesellschaft: [&hellip;]","og_url":"https:\/\/lamardeflors.com\/de\/rechtliche-hinweise\/","og_site_name":"La Mar de Flors","article_modified_time":"2024-05-08T07:24:46+00:00","twitter_card":"summary_large_image","twitter_misc":{"Gesch\u00e4tzte Lesezeit":"7\u00a0Minuten"},"schema":{"@context":"https:\/\/schema.org","@graph":[{"@type":"WebPage","@id":"https:\/\/lamardeflors.com\/de\/rechtliche-hinweise\/","url":"https:\/\/lamardeflors.com\/de\/rechtliche-hinweise\/","name":"Aviso legal | Florister\u00eda en S\u00f3ller | LA MAR DE FLORS","isPartOf":{"@id":"https:\/\/lamardeflors.com\/#website"},"datePublished":"2023-09-18T12:16:45+00:00","dateModified":"2024-05-08T07:24:46+00:00","breadcrumb":{"@id":"https:\/\/lamardeflors.com\/de\/rechtliche-hinweise\/#breadcrumb"},"inLanguage":"de","potentialAction":[{"@type":"ReadAction","target":["https:\/\/lamardeflors.com\/de\/rechtliche-hinweise\/"]}]},{"@type":"BreadcrumbList","@id":"https:\/\/lamardeflors.com\/de\/rechtliche-hinweise\/#breadcrumb","itemListElement":[{"@type":"ListItem","position":1,"name":"Portada","item":"https:\/\/lamardeflors.com\/"},{"@type":"ListItem","position":2,"name":"Rechtliche Hinweise"}]},{"@type":"WebSite","@id":"https:\/\/lamardeflors.com\/#website","url":"https:\/\/lamardeflors.com\/","name":"La Mar de Flors","description":"Florister\u00eda en S\u00f3ller","publisher":{"@id":"https:\/\/lamardeflors.com\/#organization"},"potentialAction":[{"@type":"SearchAction","target":{"@type":"EntryPoint","urlTemplate":"https:\/\/lamardeflors.com\/?s={search_term_string}"},"query-input":{"@type":"PropertyValueSpecification","valueRequired":true,"valueName":"search_term_string"}}],"inLanguage":"de"},{"@type":"Organization","@id":"https:\/\/lamardeflors.com\/#organization","name":"La Mar de Flors","url":"https:\/\/lamardeflors.com\/","logo":{"@type":"ImageObject","inLanguage":"de","@id":"https:\/\/lamardeflors.com\/#\/schema\/logo\/image\/","url":"https:\/\/lamardeflors.com\/wp-content\/uploads\/2023\/05\/logo-sin-fondo-blanco.png","contentUrl":"https:\/\/lamardeflors.com\/wp-content\/uploads\/2023\/05\/logo-sin-fondo-blanco.png","width":1070,"height":741,"caption":"La Mar de Flors"},"image":{"@id":"https:\/\/lamardeflors.com\/#\/schema\/logo\/image\/"}}]}},"_links":{"self":[{"href":"https:\/\/lamardeflors.com\/de\/wp-json\/wp\/v2\/pages\/4105","targetHints":{"allow":["GET"]}}],"collection":[{"href":"https:\/\/lamardeflors.com\/de\/wp-json\/wp\/v2\/pages"}],"about":[{"href":"https:\/\/lamardeflors.com\/de\/wp-json\/wp\/v2\/types\/page"}],"author":[{"embeddable":true,"href":"https:\/\/lamardeflors.com\/de\/wp-json\/wp\/v2\/users\/1"}],"replies":[{"embeddable":true,"href":"https:\/\/lamardeflors.com\/de\/wp-json\/wp\/v2\/comments?post=4105"}],"version-history":[{"count":0,"href":"https:\/\/lamardeflors.com\/de\/wp-json\/wp\/v2\/pages\/4105\/revisions"}],"wp:attachment":[{"href":"https:\/\/lamardeflors.com\/de\/wp-json\/wp\/v2\/media?parent=4105"}],"curies":[{"name":"wp","href":"https:\/\/api.w.org\/{rel}","templated":true}]}}