{"id":3514,"date":"2023-05-29T10:02:08","date_gmt":"2023-05-29T08:02:08","guid":{"rendered":"https:\/\/lamardeflors.com\/nosotros-2\/"},"modified":"2025-05-17T13:09:16","modified_gmt":"2025-05-17T11:09:16","slug":"ueber-uns","status":"publish","type":"page","link":"https:\/\/lamardeflors.com\/de\/ueber-uns\/","title":{"rendered":"\u00dcber uns"},"content":{"rendered":"\t\t<div data-elementor-type=\"wp-page\" data-elementor-id=\"3514\" class=\"elementor elementor-3514 elementor-43\" data-elementor-post-type=\"page\">\n\t\t\t\t\t\t<section class=\"elementor-section elementor-top-section elementor-element elementor-element-f5a087c elementor-section-full_width elementor-section-height-min-height elementor-section-items-bottom elementor-section-height-default\" data-id=\"f5a087c\" data-element_type=\"section\" data-e-type=\"section\" data-settings=\"{&quot;background_background&quot;:&quot;classic&quot;}\">\n\t\t\t\t\t\t\t<div class=\"elementor-background-overlay\"><\/div>\n\t\t\t\t\t\t\t<div class=\"elementor-container elementor-column-gap-default\">\n\t\t\t\t\t<div class=\"elementor-column elementor-col-100 elementor-top-column elementor-element elementor-element-c35aa8f\" data-id=\"c35aa8f\" data-element_type=\"column\" data-e-type=\"column\">\n\t\t\t<div class=\"elementor-widget-wrap elementor-element-populated\">\n\t\t\t\t\t\t<div class=\"elementor-element elementor-element-53923a7 elementor-widget elementor-widget-heading\" data-id=\"53923a7\" data-element_type=\"widget\" data-e-type=\"widget\" data-widget_type=\"heading.default\">\n\t\t\t\t<div class=\"elementor-widget-container\">\n\t\t\t\t\t<h1 class=\"elementor-heading-title elementor-size-default\">BLUMEN, DIE GEF\u00dcHLE FESTHALTEN<\/h1>\t\t\t\t<\/div>\n\t\t\t\t<\/div>\n\t\t\t\t<div class=\"elementor-element elementor-element-57df9d7 elementor-widget elementor-widget-heading\" data-id=\"57df9d7\" data-element_type=\"widget\" data-e-type=\"widget\" data-widget_type=\"heading.default\">\n\t\t\t\t<div class=\"elementor-widget-container\">\n\t\t\t\t\t<h2 class=\"elementor-heading-title elementor-size-default\">\u00dcber uns<\/h2>\t\t\t\t<\/div>\n\t\t\t\t<\/div>\n\t\t\t\t<div class=\"elementor-element elementor-element-1a4011f elementor-widget elementor-widget-spacer\" data-id=\"1a4011f\" data-element_type=\"widget\" data-e-type=\"widget\" data-widget_type=\"spacer.default\">\n\t\t\t\t<div class=\"elementor-widget-container\">\n\t\t\t\t\t\t\t<div class=\"elementor-spacer\">\n\t\t\t<div class=\"elementor-spacer-inner\"><\/div>\n\t\t<\/div>\n\t\t\t\t\t\t<\/div>\n\t\t\t\t<\/div>\n\t\t\t\t\t<\/div>\n\t\t<\/div>\n\t\t\t\t\t<\/div>\n\t\t<\/section>\n\t\t<div class=\"elementor-element elementor-element-1c89304 e-con-full e-flex e-con e-parent\" data-id=\"1c89304\" data-element_type=\"container\" data-e-type=\"container\" data-settings=\"{&quot;background_background&quot;:&quot;classic&quot;}\">\n\t\t<div class=\"elementor-element elementor-element-bda4975 e-flex e-con-boxed e-con e-child\" data-id=\"bda4975\" data-element_type=\"container\" data-e-type=\"container\">\n\t\t\t\t\t<div class=\"e-con-inner\">\n\t\t\t\t<div class=\"elementor-element elementor-element-4b4d39b elementor-widget elementor-widget-heading\" data-id=\"4b4d39b\" data-element_type=\"widget\" data-e-type=\"widget\" data-widget_type=\"heading.default\">\n\t\t\t\t<div class=\"elementor-widget-container\">\n\t\t\t\t\t<h3 class=\"elementor-heading-title elementor-size-default\">La Mar de Flors<\/h3>\t\t\t\t<\/div>\n\t\t\t\t<\/div>\n\t\t\t\t<div class=\"elementor-element elementor-element-88e658f elementor-widget elementor-widget-text-editor\" data-id=\"88e658f\" data-element_type=\"widget\" data-e-type=\"widget\" data-widget_type=\"text-editor.default\">\n\t\t\t\t<div class=\"elementor-widget-container\">\n\t\t\t\t\t\t\t\t\t<p>Willkommen in unserem kleinen Blumenladen! Eine Reise, die im M\u00e4rz 2022 begann und die wir gerne mit Ihnen teilen m\u00f6chten.<\/p><p>Wir haben es uns zur Aufgabe gemacht, die Essenz der Natur einzufangen und sie in einzigartige Str\u00e4u\u00dfe zu verwandeln, die Liebe, Freude und Emotionen vermitteln. Jede Blume, die wir ausw\u00e4hlen, erz\u00e4hlt eine Geschichte, und jedes Design, das wir kreieren, ist ein Kunstwerk. Wir sind stolz darauf, einen pers\u00f6nlichen Service zu bieten, bei dem jeder Kunde f\u00fcr uns etwas Besonderes ist.<\/p><p>Begleiten Sie uns auf dieser wunderbaren Blumenreise und entdecken Sie, wie unsere Blumen Ihre sch\u00f6nsten Momente verzaubern k\u00f6nnen.<\/p><p>Willkommen in unserer bl\u00fchenden Familie!<\/p>\t\t\t\t\t\t\t\t<\/div>\n\t\t\t\t<\/div>\n\t\t\t\t<div class=\"elementor-element elementor-element-2b6f01a elementor-hidden-desktop elementor-hidden-tablet elementor-widget elementor-widget-button\" data-id=\"2b6f01a\" data-element_type=\"widget\" data-e-type=\"widget\" data-widget_type=\"button.default\">\n\t\t\t\t<div class=\"elementor-widget-container\">\n\t\t\t\t\t\t\t\t\t<div class=\"elementor-button-wrapper\">\n\t\t\t\t\t<a class=\"elementor-button elementor-button-link elementor-size-sm\" href=\"https:\/\/www.google.com\/maps?ll=39.767096,2.714604&#038;z=14&#038;t=m&#038;hl=es&#038;gl=ES&#038;mapclient=embed&#038;cid=1964228834589209760\" target=\"_blank\">\n\t\t\t\t\t\t<span class=\"elementor-button-content-wrapper\">\n\t\t\t\t\t\t\t\t\t<span class=\"elementor-button-text\">KARTE ANSEHEN<\/span>\n\t\t\t\t\t<\/span>\n\t\t\t\t\t<\/a>\n\t\t\t\t<\/div>\n\t\t\t\t\t\t\t\t<\/div>\n\t\t\t\t<\/div>\n\t\t\t\t\t<\/div>\n\t\t\t\t<\/div>\n\t\t<div class=\"elementor-element elementor-element-20a0491 e-flex e-con-boxed e-con e-child\" data-id=\"20a0491\" data-element_type=\"container\" data-e-type=\"container\">\n\t\t\t\t\t<div class=\"e-con-inner\">\n\t\t\t\t<div class=\"elementor-element elementor-element-8cfe545 elementor-widget elementor-widget-html\" data-id=\"8cfe545\" data-element_type=\"widget\" data-e-type=\"widget\" data-widget_type=\"html.default\">\n\t\t\t\t<div class=\"elementor-widget-container\">\n\t\t\t\t\t<iframe src=\"https:\/\/www.google.com\/maps\/embed?pb=!1m14!1m8!1m3!1d12267.11133093132!2d2.7146042!3d39.7670963!3m2!1i1024!2i768!4f13.1!3m3!1m2!1s0x1297e9d5a16ae113%3A0x1b4257b7d744f4a0!2sLa%20Mar%20De%20Flors!5e0!3m2!1ses!2ses!4v1686730495298!5m2!1ses!2ses\" width=\"100%\" height=\"450px\" style=\"border:0;\" allowfullscreen=\"\" loading=\"lazy\" referrerpolicy=\"no-referrer-when-downgrade\"><\/iframe>\t\t\t\t<\/div>\n\t\t\t\t<\/div>\n\t\t\t\t\t<\/div>\n\t\t\t\t<\/div>\n\t\t\t\t<\/div>\n\t\t\t\t<\/div>\n\t\t","protected":false},"excerpt":{"rendered":"<p>BLUMEN, DIE GEF\u00dcHLE FESTHALTEN \u00dcber uns La Mar de Flors Willkommen in unserem kleinen Blumenladen! Eine Reise, die im M\u00e4rz 2022 begann und die wir gerne mit Ihnen teilen m\u00f6chten. Wir haben es uns zur Aufgabe gemacht, die Essenz der Natur einzufangen und sie in einzigartige Str\u00e4u\u00dfe zu verwandeln, die Liebe, Freude und Emotionen vermitteln. [&hellip;]<\/p>\n","protected":false},"author":1,"featured_media":0,"parent":0,"menu_order":0,"comment_status":"closed","ping_status":"closed","template":"elementor_header_footer","meta":{"footnotes":""},"class_list":["post-3514","page","type-page","status-publish","hentry"],"yoast_head":"<!-- This site is optimized with the Yoast SEO plugin v27.2 - https:\/\/yoast.com\/product\/yoast-seo-wordpress\/ -->\n<title>Florister\u00eda en S\u00f3ller | Pedidos personalizados | LA MAR DE FLORS<\/title>\n<meta name=\"robots\" content=\"index, follow, max-snippet:-1, max-image-preview:large, max-video-preview:-1\" \/>\n<link rel=\"canonical\" href=\"https:\/\/lamardeflors.com\/nosotros\/\" \/>\n<meta property=\"og:locale\" content=\"de_DE\" \/>\n<meta property=\"og:type\" content=\"article\" \/>\n<meta property=\"og:title\" content=\"Florister\u00eda en S\u00f3ller | Pedidos personalizados | LA MAR DE FLORS\" \/>\n<meta property=\"og:description\" content=\"BLUMEN, DIE GEF\u00dcHLE FESTHALTEN \u00dcber uns La Mar de Flors Willkommen in unserem kleinen Blumenladen! Eine Reise, die im M\u00e4rz 2022 begann und die wir gerne mit Ihnen teilen m\u00f6chten. Wir haben es uns zur Aufgabe gemacht, die Essenz der Natur einzufangen und sie in einzigartige Str\u00e4u\u00dfe zu verwandeln, die Liebe, Freude und Emotionen vermitteln. [&hellip;]\" \/>\n<meta property=\"og:url\" content=\"https:\/\/lamardeflors.com\/nosotros\/\" \/>\n<meta property=\"og:site_name\" content=\"La Mar de Flors\" \/>\n<meta property=\"article:modified_time\" content=\"2025-05-17T11:09:16+00:00\" \/>\n<meta name=\"twitter:card\" content=\"summary_large_image\" \/>\n<meta name=\"twitter:label1\" content=\"Gesch\u00e4tzte Lesezeit\" \/>\n\t<meta name=\"twitter:data1\" content=\"1\u00a0Minute\" \/>\n<script type=\"application\/ld+json\" class=\"yoast-schema-graph\">{\"@context\":\"https:\/\/schema.org\",\"@graph\":[{\"@type\":\"WebPage\",\"@id\":\"https:\/\/lamardeflors.com\/nosotros\/\",\"url\":\"https:\/\/lamardeflors.com\/nosotros\/\",\"name\":\"Florister\u00eda en S\u00f3ller | Pedidos personalizados | LA MAR DE FLORS\",\"isPartOf\":{\"@id\":\"https:\/\/lamardeflors.com\/#website\"},\"datePublished\":\"2023-05-29T08:02:08+00:00\",\"dateModified\":\"2025-05-17T11:09:16+00:00\",\"breadcrumb\":{\"@id\":\"https:\/\/lamardeflors.com\/nosotros\/#breadcrumb\"},\"inLanguage\":\"de\",\"potentialAction\":[{\"@type\":\"ReadAction\",\"target\":[\"https:\/\/lamardeflors.com\/nosotros\/\"]}]},{\"@type\":\"BreadcrumbList\",\"@id\":\"https:\/\/lamardeflors.com\/nosotros\/#breadcrumb\",\"itemListElement\":[{\"@type\":\"ListItem\",\"position\":1,\"name\":\"Portada\",\"item\":\"https:\/\/lamardeflors.com\/\"},{\"@type\":\"ListItem\",\"position\":2,\"name\":\"\u00dcber uns\"}]},{\"@type\":\"WebSite\",\"@id\":\"https:\/\/lamardeflors.com\/#website\",\"url\":\"https:\/\/lamardeflors.com\/\",\"name\":\"La Mar de Flors\",\"description\":\"Florister\u00eda en S\u00f3ller\",\"publisher\":{\"@id\":\"https:\/\/lamardeflors.com\/#organization\"},\"potentialAction\":[{\"@type\":\"SearchAction\",\"target\":{\"@type\":\"EntryPoint\",\"urlTemplate\":\"https:\/\/lamardeflors.com\/?s={search_term_string}\"},\"query-input\":{\"@type\":\"PropertyValueSpecification\",\"valueRequired\":true,\"valueName\":\"search_term_string\"}}],\"inLanguage\":\"de\"},{\"@type\":\"Organization\",\"@id\":\"https:\/\/lamardeflors.com\/#organization\",\"name\":\"La Mar de Flors\",\"url\":\"https:\/\/lamardeflors.com\/\",\"logo\":{\"@type\":\"ImageObject\",\"inLanguage\":\"de\",\"@id\":\"https:\/\/lamardeflors.com\/#\/schema\/logo\/image\/\",\"url\":\"https:\/\/lamardeflors.com\/wp-content\/uploads\/2023\/05\/logo-sin-fondo-blanco.png\",\"contentUrl\":\"https:\/\/lamardeflors.com\/wp-content\/uploads\/2023\/05\/logo-sin-fondo-blanco.png\",\"width\":1070,\"height\":741,\"caption\":\"La Mar de Flors\"},\"image\":{\"@id\":\"https:\/\/lamardeflors.com\/#\/schema\/logo\/image\/\"}}]}<\/script>\n<!-- \/ Yoast SEO plugin. -->","yoast_head_json":{"title":"Florister\u00eda en S\u00f3ller | Pedidos personalizados | LA MAR DE FLORS","robots":{"index":"index","follow":"follow","max-snippet":"max-snippet:-1","max-image-preview":"max-image-preview:large","max-video-preview":"max-video-preview:-1"},"canonical":"https:\/\/lamardeflors.com\/nosotros\/","og_locale":"de_DE","og_type":"article","og_title":"Florister\u00eda en S\u00f3ller | Pedidos personalizados | LA MAR DE FLORS","og_description":"BLUMEN, DIE GEF\u00dcHLE FESTHALTEN \u00dcber uns La Mar de Flors Willkommen in unserem kleinen Blumenladen! Eine Reise, die im M\u00e4rz 2022 begann und die wir gerne mit Ihnen teilen m\u00f6chten. Wir haben es uns zur Aufgabe gemacht, die Essenz der Natur einzufangen und sie in einzigartige Str\u00e4u\u00dfe zu verwandeln, die Liebe, Freude und Emotionen vermitteln. [&hellip;]","og_url":"https:\/\/lamardeflors.com\/nosotros\/","og_site_name":"La Mar de Flors","article_modified_time":"2025-05-17T11:09:16+00:00","twitter_card":"summary_large_image","twitter_misc":{"Gesch\u00e4tzte Lesezeit":"1\u00a0Minute"},"schema":{"@context":"https:\/\/schema.org","@graph":[{"@type":"WebPage","@id":"https:\/\/lamardeflors.com\/nosotros\/","url":"https:\/\/lamardeflors.com\/nosotros\/","name":"Florister\u00eda en S\u00f3ller | Pedidos personalizados | LA MAR DE FLORS","isPartOf":{"@id":"https:\/\/lamardeflors.com\/#website"},"datePublished":"2023-05-29T08:02:08+00:00","dateModified":"2025-05-17T11:09:16+00:00","breadcrumb":{"@id":"https:\/\/lamardeflors.com\/nosotros\/#breadcrumb"},"inLanguage":"de","potentialAction":[{"@type":"ReadAction","target":["https:\/\/lamardeflors.com\/nosotros\/"]}]},{"@type":"BreadcrumbList","@id":"https:\/\/lamardeflors.com\/nosotros\/#breadcrumb","itemListElement":[{"@type":"ListItem","position":1,"name":"Portada","item":"https:\/\/lamardeflors.com\/"},{"@type":"ListItem","position":2,"name":"\u00dcber uns"}]},{"@type":"WebSite","@id":"https:\/\/lamardeflors.com\/#website","url":"https:\/\/lamardeflors.com\/","name":"La Mar de Flors","description":"Florister\u00eda en S\u00f3ller","publisher":{"@id":"https:\/\/lamardeflors.com\/#organization"},"potentialAction":[{"@type":"SearchAction","target":{"@type":"EntryPoint","urlTemplate":"https:\/\/lamardeflors.com\/?s={search_term_string}"},"query-input":{"@type":"PropertyValueSpecification","valueRequired":true,"valueName":"search_term_string"}}],"inLanguage":"de"},{"@type":"Organization","@id":"https:\/\/lamardeflors.com\/#organization","name":"La Mar de Flors","url":"https:\/\/lamardeflors.com\/","logo":{"@type":"ImageObject","inLanguage":"de","@id":"https:\/\/lamardeflors.com\/#\/schema\/logo\/image\/","url":"https:\/\/lamardeflors.com\/wp-content\/uploads\/2023\/05\/logo-sin-fondo-blanco.png","contentUrl":"https:\/\/lamardeflors.com\/wp-content\/uploads\/2023\/05\/logo-sin-fondo-blanco.png","width":1070,"height":741,"caption":"La Mar de Flors"},"image":{"@id":"https:\/\/lamardeflors.com\/#\/schema\/logo\/image\/"}}]}},"_links":{"self":[{"href":"https:\/\/lamardeflors.com\/de\/wp-json\/wp\/v2\/pages\/3514","targetHints":{"allow":["GET"]}}],"collection":[{"href":"https:\/\/lamardeflors.com\/de\/wp-json\/wp\/v2\/pages"}],"about":[{"href":"https:\/\/lamardeflors.com\/de\/wp-json\/wp\/v2\/types\/page"}],"author":[{"embeddable":true,"href":"https:\/\/lamardeflors.com\/de\/wp-json\/wp\/v2\/users\/1"}],"replies":[{"embeddable":true,"href":"https:\/\/lamardeflors.com\/de\/wp-json\/wp\/v2\/comments?post=3514"}],"version-history":[{"count":12,"href":"https:\/\/lamardeflors.com\/de\/wp-json\/wp\/v2\/pages\/3514\/revisions"}],"predecessor-version":[{"id":4649,"href":"https:\/\/lamardeflors.com\/de\/wp-json\/wp\/v2\/pages\/3514\/revisions\/4649"}],"wp:attachment":[{"href":"https:\/\/lamardeflors.com\/de\/wp-json\/wp\/v2\/media?parent=3514"}],"curies":[{"name":"wp","href":"https:\/\/api.w.org\/{rel}","templated":true}]}}